{"id":4270,"date":"2019-07-09T16:15:07","date_gmt":"2019-07-09T14:15:07","guid":{"rendered":"http:\/\/atas.devsrvr.net\/prodotto\/supercarotto\/"},"modified":"2022-07-28T09:50:22","modified_gmt":"2022-07-28T07:50:22","slug":"supercarotto","status":"publish","type":"product","link":"https:\/\/www.atassrl.it\/de\/produkt\/supercarotto\/","title":{"rendered":"SUPERCAROTTO"},"content":{"rendered":"<p style=\"font-weight: 400;\">Produkt mit niedriger Alkalit\u00e4t, geeignet zum Waschen von Autos, Lastwagen, Sattelz\u00fcgen, Lieferwagen, Containern, Planen usw. in absoluter Sicherheit und zu jeder Jahreszeit. Seine Zusammensetzung macht es sehr geeignet zum L\u00f6sen von Verkrustungen von fettigem Schmutz, Erde und Smog. Auf Planen sorgt es f\u00fcr eine perfekte Reinigung, ohne das Material zu besch\u00e4digen oder zu zerkratzen. Es l\u00e4sst sich leicht absp\u00fclen und hinterl\u00e4sst die behandelten Oberfl\u00e4chen sauber und gl\u00e4nzend ohne R\u00fcckst\u00e4nde.<\/p>\n","protected":false},"excerpt":{"rendered":"<div><span lang=\"DE\">WASCHMITTEL F\u00dcR AUTOS UND LKW<\/span><\/div>\n","protected":false},"featured_media":4163,"template":"","meta":{"_acf_changed":false,"_seopress_robots_primary_cat":"","_seopress_titles_title":"","_seopress_titles_desc":"","_seopress_robots_index":"","_seopress_analysis_target_kw":""},"product_brand":[],"product_cat":[331,274],"product_tag":[],"class_list":{"0":"post-4270","1":"product","2":"type-product","3":"status-publish","4":"has-post-thumbnail","6":"product_cat-doppelte-komponente-aussenwaschmittel","7":"product_cat-linea-atasdet-de","9":"first","10":"instock","11":"shipping-taxable","12":"product-type-variable"},"acf":[],"_links":{"self":[{"href":"https:\/\/www.atassrl.it\/de\/wp-json\/wp\/v2\/product\/4270","targetHints":{"allow":["GET"]}}],"collection":[{"href":"https:\/\/www.atassrl.it\/de\/wp-json\/wp\/v2\/product"}],"about":[{"href":"https:\/\/www.atassrl.it\/de\/wp-json\/wp\/v2\/types\/product"}],"wp:featuredmedia":[{"embeddable":true,"href":"https:\/\/www.atassrl.it\/de\/wp-json\/wp\/v2\/media\/4163"}],"wp:attachment":[{"href":"https:\/\/www.atassrl.it\/de\/wp-json\/wp\/v2\/media?parent=4270"}],"wp:term":[{"taxonomy":"product_brand","embeddable":true,"href":"https:\/\/www.atassrl.it\/de\/wp-json\/wp\/v2\/product_brand?post=4270"},{"taxonomy":"product_cat","embeddable":true,"href":"https:\/\/www.atassrl.it\/de\/wp-json\/wp\/v2\/product_cat?post=4270"},{"taxonomy":"product_tag","embeddable":true,"href":"https:\/\/www.atassrl.it\/de\/wp-json\/wp\/v2\/product_tag?post=4270"}],"curies":[{"name":"wp","href":"https:\/\/api.w.org\/{rel}","templated":true}]}}