{"id":4274,"date":"2019-07-09T16:19:42","date_gmt":"2019-07-09T14:19:42","guid":{"rendered":"http:\/\/atas.devsrvr.net\/prodotto\/nest\/"},"modified":"2022-07-28T09:51:47","modified_gmt":"2022-07-28T07:51:47","slug":"nest","status":"publish","type":"product","link":"https:\/\/www.atassrl.it\/de\/produkt\/nest\/","title":{"rendered":"NEST"},"content":{"rendered":"<p style=\"font-weight: 400;\">Seit Jahren auf dem Markt ist es ein Synonym f\u00fcr Sicherheit und Qualit\u00e4t. Basierend auf ausgew\u00e4hlten Superwirkstoffen dringt es tief in selbst verkrusteten Schmutz ein und hinterl\u00e4sst die behandelten Teile sauber und gl\u00e4nzend. Mit geringer Alkalit\u00e4t erm\u00f6glicht es Ihnen, jede Oberfl\u00e4che ohne B\u00fcrsten und mit \u00e4u\u00dferster Zartheit zu reinigen. Geeignet f\u00fcr Autos, Lieferwagen, Gabelstapler, wird es auch f\u00fcr die Innenreinigung von Booten und f\u00fcr TEAK-Teile empfohlen.<\/p>\n","protected":false},"excerpt":{"rendered":"<div><span lang=\"DE\">REINIGER F\u00dcR DEN AUSSENBEREICH<\/span><\/div>\n","protected":false},"featured_media":4122,"template":"","meta":{"_acf_changed":false,"_seopress_robots_primary_cat":"","_seopress_titles_title":"","_seopress_titles_desc":"","_seopress_robots_index":"","_seopress_analysis_target_kw":""},"product_brand":[],"product_cat":[331,274],"product_tag":[],"class_list":{"0":"post-4274","1":"product","2":"type-product","3":"status-publish","4":"has-post-thumbnail","6":"product_cat-doppelte-komponente-aussenwaschmittel","7":"product_cat-linea-atasdet-de","9":"first","10":"instock","11":"shipping-taxable","12":"product-type-variable"},"acf":[],"_links":{"self":[{"href":"https:\/\/www.atassrl.it\/de\/wp-json\/wp\/v2\/product\/4274","targetHints":{"allow":["GET"]}}],"collection":[{"href":"https:\/\/www.atassrl.it\/de\/wp-json\/wp\/v2\/product"}],"about":[{"href":"https:\/\/www.atassrl.it\/de\/wp-json\/wp\/v2\/types\/product"}],"wp:featuredmedia":[{"embeddable":true,"href":"https:\/\/www.atassrl.it\/de\/wp-json\/wp\/v2\/media\/4122"}],"wp:attachment":[{"href":"https:\/\/www.atassrl.it\/de\/wp-json\/wp\/v2\/media?parent=4274"}],"wp:term":[{"taxonomy":"product_brand","embeddable":true,"href":"https:\/\/www.atassrl.it\/de\/wp-json\/wp\/v2\/product_brand?post=4274"},{"taxonomy":"product_cat","embeddable":true,"href":"https:\/\/www.atassrl.it\/de\/wp-json\/wp\/v2\/product_cat?post=4274"},{"taxonomy":"product_tag","embeddable":true,"href":"https:\/\/www.atassrl.it\/de\/wp-json\/wp\/v2\/product_tag?post=4274"}],"curies":[{"name":"wp","href":"https:\/\/api.w.org\/{rel}","templated":true}]}}