{"id":4277,"date":"2019-07-09T16:23:11","date_gmt":"2019-07-09T14:23:11","guid":{"rendered":"http:\/\/atas.devsrvr.net\/prodotto\/vis-410\/"},"modified":"2022-07-28T10:18:20","modified_gmt":"2022-07-28T08:18:20","slug":"vis-410","status":"publish","type":"product","link":"https:\/\/www.atassrl.it\/de\/produkt\/vis-410\/","title":{"rendered":"VIS 410"},"content":{"rendered":"<p style=\"font-weight: 400;\">Einphasiges Waschmittel auf alkalischer Basis, das sich durch eine stark weichmachende und durchdringende Wirkung auszeichnet. Schnell und endg\u00fcltig bei jeder Art von Schmutz, verstopft nicht und hinterl\u00e4sst keine R\u00fcckst\u00e4nde. Leicht absp\u00fclbar und m\u00e4\u00dfig sch\u00e4umend, greift lackierte Kunststoff- und Gummioberfl\u00e4chen nicht an. Geeignet f\u00fcr Hochdruck-Selbstbedienungswaschanlagen mit einem hervorragenden Preis-Leistungs-Verh\u00e4ltnis. Auch in der parf\u00fcmierten Version \u201eVIS 410 PRF\u201c erh\u00e4ltlich.<\/p>\n","protected":false},"excerpt":{"rendered":"<div><span lang=\"DE\">M\u00c4SSIG SCH\u00c4UMENDES WASCHMITTEL F\u00dcR DIE SELBSTBEDIENUNG <\/span><\/div>\n","protected":false},"featured_media":4179,"template":"","meta":{"_acf_changed":false,"_seopress_robots_primary_cat":"","_seopress_titles_title":"","_seopress_titles_desc":"","_seopress_robots_index":"","_seopress_analysis_target_kw":""},"product_brand":[],"product_cat":[367,274],"product_tag":[],"class_list":{"0":"post-4277","1":"product","2":"type-product","3":"status-publish","4":"has-post-thumbnail","6":"product_cat-auto-waschstrassen","7":"product_cat-linea-atasdet-de","9":"first","10":"instock","11":"shipping-taxable","12":"product-type-variable"},"acf":[],"_links":{"self":[{"href":"https:\/\/www.atassrl.it\/de\/wp-json\/wp\/v2\/product\/4277","targetHints":{"allow":["GET"]}}],"collection":[{"href":"https:\/\/www.atassrl.it\/de\/wp-json\/wp\/v2\/product"}],"about":[{"href":"https:\/\/www.atassrl.it\/de\/wp-json\/wp\/v2\/types\/product"}],"wp:featuredmedia":[{"embeddable":true,"href":"https:\/\/www.atassrl.it\/de\/wp-json\/wp\/v2\/media\/4179"}],"wp:attachment":[{"href":"https:\/\/www.atassrl.it\/de\/wp-json\/wp\/v2\/media?parent=4277"}],"wp:term":[{"taxonomy":"product_brand","embeddable":true,"href":"https:\/\/www.atassrl.it\/de\/wp-json\/wp\/v2\/product_brand?post=4277"},{"taxonomy":"product_cat","embeddable":true,"href":"https:\/\/www.atassrl.it\/de\/wp-json\/wp\/v2\/product_cat?post=4277"},{"taxonomy":"product_tag","embeddable":true,"href":"https:\/\/www.atassrl.it\/de\/wp-json\/wp\/v2\/product_tag?post=4277"}],"curies":[{"name":"wp","href":"https:\/\/api.w.org\/{rel}","templated":true}]}}