{"id":4286,"date":"2019-07-09T16:28:49","date_gmt":"2019-07-09T14:28:49","guid":{"rendered":"http:\/\/atas.devsrvr.net\/prodotto\/e-r-1\/"},"modified":"2022-07-28T10:23:04","modified_gmt":"2022-07-28T08:23:04","slug":"e-r-1","status":"publish","type":"product","link":"https:\/\/www.atassrl.it\/de\/produkt\/e-r-1\/","title":{"rendered":"E.R. 1"},"content":{"rendered":"<p style=\"font-weight: 400;\">Speziell f\u00fcr die Hochdruckreinigung entwickelt, l\u00f6st es dank seiner Durchdringungskraft schnell und gr\u00fcndlich Schmutz jeglicher Art und hinterl\u00e4sst gl\u00e4nzende Oberfl\u00e4chen. Felgenwirksam und mit hoher L\u00f6slichkeit verstopft es nicht und vertr\u00e4gt sich mit allen Reinigungsverfahren.<\/p>\n","protected":false},"excerpt":{"rendered":"<div><span lang=\"DE\">WASCHMITTEL MIT HOHER SCHAUMKRAFT<\/span><\/div>\n","protected":false},"featured_media":4067,"template":"","meta":{"_acf_changed":false,"_seopress_robots_primary_cat":"","_seopress_titles_title":"","_seopress_titles_desc":"","_seopress_robots_index":"","_seopress_analysis_target_kw":""},"product_brand":[],"product_cat":[367,274],"product_tag":[],"class_list":{"0":"post-4286","1":"product","2":"type-product","3":"status-publish","4":"has-post-thumbnail","6":"product_cat-auto-waschstrassen","7":"product_cat-linea-atasdet-de","9":"first","10":"instock","11":"shipping-taxable","12":"product-type-variable"},"acf":[],"_links":{"self":[{"href":"https:\/\/www.atassrl.it\/de\/wp-json\/wp\/v2\/product\/4286","targetHints":{"allow":["GET"]}}],"collection":[{"href":"https:\/\/www.atassrl.it\/de\/wp-json\/wp\/v2\/product"}],"about":[{"href":"https:\/\/www.atassrl.it\/de\/wp-json\/wp\/v2\/types\/product"}],"wp:featuredmedia":[{"embeddable":true,"href":"https:\/\/www.atassrl.it\/de\/wp-json\/wp\/v2\/media\/4067"}],"wp:attachment":[{"href":"https:\/\/www.atassrl.it\/de\/wp-json\/wp\/v2\/media?parent=4286"}],"wp:term":[{"taxonomy":"product_brand","embeddable":true,"href":"https:\/\/www.atassrl.it\/de\/wp-json\/wp\/v2\/product_brand?post=4286"},{"taxonomy":"product_cat","embeddable":true,"href":"https:\/\/www.atassrl.it\/de\/wp-json\/wp\/v2\/product_cat?post=4286"},{"taxonomy":"product_tag","embeddable":true,"href":"https:\/\/www.atassrl.it\/de\/wp-json\/wp\/v2\/product_tag?post=4286"}],"curies":[{"name":"wp","href":"https:\/\/api.w.org\/{rel}","templated":true}]}}