{"id":4291,"date":"2019-07-09T16:31:48","date_gmt":"2019-07-09T14:31:48","guid":{"rendered":"http:\/\/atas.devsrvr.net\/prodotto\/namar\/"},"modified":"2022-07-28T10:26:18","modified_gmt":"2022-07-28T08:26:18","slug":"namar","status":"publish","type":"product","link":"https:\/\/www.atassrl.it\/de\/produkt\/namar\/","title":{"rendered":"NAMAR"},"content":{"rendered":"<p style=\"font-weight: 400;\">Seine stark aufl\u00f6sende und emulgierende Wirkung dringt tief in selbst verkrustete organische und anorganische Verschmutzungen ein. Es hinterl\u00e4sst keine R\u00fcckst\u00e4nde, l\u00e4sst sich leicht aussp\u00fclen und wirkt auch bei hartem Wasser. Es eignet sich f\u00fcr Wasch- und Vorwaschvorg\u00e4nge aller Fahrzeugtypen und ist auch in der Version &#8222;PRF&#8220; mit st\u00e4rkerem Duft erh\u00e4ltlich.<\/p>\n","protected":false},"excerpt":{"rendered":"<div><span lang=\"DE\">WASCHMITTEL F\u00dcR SELBSTBEDIENUNG-WASCHANLAGE MIT B\u00dcRSTE<\/span><\/div>\n","protected":false},"featured_media":4120,"template":"","meta":{"_acf_changed":false,"_seopress_robots_primary_cat":"","_seopress_titles_title":"","_seopress_titles_desc":"","_seopress_robots_index":"","_seopress_analysis_target_kw":""},"product_brand":[],"product_cat":[367,274],"product_tag":[],"class_list":{"0":"post-4291","1":"product","2":"type-product","3":"status-publish","4":"has-post-thumbnail","6":"product_cat-auto-waschstrassen","7":"product_cat-linea-atasdet-de","9":"first","10":"instock","11":"shipping-taxable","12":"product-type-variable"},"acf":[],"_links":{"self":[{"href":"https:\/\/www.atassrl.it\/de\/wp-json\/wp\/v2\/product\/4291","targetHints":{"allow":["GET"]}}],"collection":[{"href":"https:\/\/www.atassrl.it\/de\/wp-json\/wp\/v2\/product"}],"about":[{"href":"https:\/\/www.atassrl.it\/de\/wp-json\/wp\/v2\/types\/product"}],"wp:featuredmedia":[{"embeddable":true,"href":"https:\/\/www.atassrl.it\/de\/wp-json\/wp\/v2\/media\/4120"}],"wp:attachment":[{"href":"https:\/\/www.atassrl.it\/de\/wp-json\/wp\/v2\/media?parent=4291"}],"wp:term":[{"taxonomy":"product_brand","embeddable":true,"href":"https:\/\/www.atassrl.it\/de\/wp-json\/wp\/v2\/product_brand?post=4291"},{"taxonomy":"product_cat","embeddable":true,"href":"https:\/\/www.atassrl.it\/de\/wp-json\/wp\/v2\/product_cat?post=4291"},{"taxonomy":"product_tag","embeddable":true,"href":"https:\/\/www.atassrl.it\/de\/wp-json\/wp\/v2\/product_tag?post=4291"}],"curies":[{"name":"wp","href":"https:\/\/api.w.org\/{rel}","templated":true}]}}