{"id":4296,"date":"2019-07-09T16:34:14","date_gmt":"2019-07-09T14:34:14","guid":{"rendered":"http:\/\/atas.devsrvr.net\/prodotto\/selfor\/"},"modified":"2022-07-28T10:29:15","modified_gmt":"2022-07-28T08:29:15","slug":"selfor","status":"publish","type":"product","link":"https:\/\/www.atassrl.it\/de\/produkt\/selfor\/","title":{"rendered":"SELFOR"},"content":{"rendered":"<p style=\"font-weight: 400;\">Konzentriertes Produkt, formuliert mit kationischen Substanzen mit hoher Benetzungs- und Durchdringungskraft f\u00fcr die Verkehrsfolie. Es wirkt auf organische und anorganische Verschmutzungen, entfernt schnell und gr\u00fcndlich \u00d6lr\u00fcckst\u00e4nde, Fett und Smog und hinterl\u00e4sst die behandelten Oberfl\u00e4chen sauber und gl\u00e4nzend. Dieses Produkt, das langsam verdunstet und leicht abzusp\u00fclen ist, greift Farben, Kunststoffe oder Gummi nicht an. Richtig verd\u00fcnnt kann es auf R\u00e4dern und mechanischen Teilen verwendet werden. Geeignet f\u00fcr SB-Autowaschanlagen, auch bei Hochdruck.<\/p>\n","protected":false},"excerpt":{"rendered":"<div><span lang=\"DE\">REINIGER F\u00dcR SELBSTBEDIENUNG-WASCHANLAGE<\/span><\/div>\n","protected":false},"featured_media":4156,"template":"","meta":{"_acf_changed":false,"_seopress_robots_primary_cat":"","_seopress_titles_title":"","_seopress_titles_desc":"","_seopress_robots_index":"","_seopress_analysis_target_kw":""},"product_brand":[],"product_cat":[367,274],"product_tag":[],"class_list":{"0":"post-4296","1":"product","2":"type-product","3":"status-publish","4":"has-post-thumbnail","6":"product_cat-auto-waschstrassen","7":"product_cat-linea-atasdet-de","9":"first","10":"instock","11":"shipping-taxable","12":"product-type-variable"},"acf":[],"_links":{"self":[{"href":"https:\/\/www.atassrl.it\/de\/wp-json\/wp\/v2\/product\/4296","targetHints":{"allow":["GET"]}}],"collection":[{"href":"https:\/\/www.atassrl.it\/de\/wp-json\/wp\/v2\/product"}],"about":[{"href":"https:\/\/www.atassrl.it\/de\/wp-json\/wp\/v2\/types\/product"}],"wp:featuredmedia":[{"embeddable":true,"href":"https:\/\/www.atassrl.it\/de\/wp-json\/wp\/v2\/media\/4156"}],"wp:attachment":[{"href":"https:\/\/www.atassrl.it\/de\/wp-json\/wp\/v2\/media?parent=4296"}],"wp:term":[{"taxonomy":"product_brand","embeddable":true,"href":"https:\/\/www.atassrl.it\/de\/wp-json\/wp\/v2\/product_brand?post=4296"},{"taxonomy":"product_cat","embeddable":true,"href":"https:\/\/www.atassrl.it\/de\/wp-json\/wp\/v2\/product_cat?post=4296"},{"taxonomy":"product_tag","embeddable":true,"href":"https:\/\/www.atassrl.it\/de\/wp-json\/wp\/v2\/product_tag?post=4296"}],"curies":[{"name":"wp","href":"https:\/\/api.w.org\/{rel}","templated":true}]}}