{"id":4299,"date":"2019-07-09T16:36:35","date_gmt":"2019-07-09T14:36:35","guid":{"rendered":"http:\/\/atas.devsrvr.net\/prodotto\/delish\/"},"modified":"2022-07-28T10:30:39","modified_gmt":"2022-07-28T08:30:39","slug":"delish","status":"publish","type":"product","link":"https:\/\/www.atassrl.it\/de\/produkt\/delish\/","title":{"rendered":"DELISH"},"content":{"rendered":"<p style=\"font-weight: 400;\">Dank seiner Bestandteile beseitigt dieser Aktivschaum schnell jede Art von Schmutz. Seine Netzwirkung im Kontakt mit der Verkehrsfolie wirkt stark entfettend und l\u00f6st auch \u00d6lr\u00fcckst\u00e4nde. Es garantiert einen gl\u00e4nzenden Effekt, greift Kunststoffe und Gummis nicht an und eignet sich auch zur Felgenreinigung.<\/p>\n","protected":false},"excerpt":{"rendered":"<div><span lang=\"DE\">SCHAUMMITTEL F\u00dcR SELF-SERVICE<\/span><\/div>\n","protected":false},"featured_media":4104,"template":"","meta":{"_acf_changed":false,"_seopress_robots_primary_cat":"","_seopress_titles_title":"","_seopress_titles_desc":"","_seopress_robots_index":"","_seopress_analysis_target_kw":""},"product_brand":[],"product_cat":[367,274,385],"product_tag":[],"class_list":{"0":"post-4299","1":"product","2":"type-product","3":"status-publish","4":"has-post-thumbnail","6":"product_cat-auto-waschstrassen","7":"product_cat-linea-atasdet-de","8":"product_cat-linie-red-alternativer-zyklus","10":"first","11":"instock","12":"shipping-taxable","13":"product-type-variable"},"acf":[],"_links":{"self":[{"href":"https:\/\/www.atassrl.it\/de\/wp-json\/wp\/v2\/product\/4299","targetHints":{"allow":["GET"]}}],"collection":[{"href":"https:\/\/www.atassrl.it\/de\/wp-json\/wp\/v2\/product"}],"about":[{"href":"https:\/\/www.atassrl.it\/de\/wp-json\/wp\/v2\/types\/product"}],"wp:featuredmedia":[{"embeddable":true,"href":"https:\/\/www.atassrl.it\/de\/wp-json\/wp\/v2\/media\/4104"}],"wp:attachment":[{"href":"https:\/\/www.atassrl.it\/de\/wp-json\/wp\/v2\/media?parent=4299"}],"wp:term":[{"taxonomy":"product_brand","embeddable":true,"href":"https:\/\/www.atassrl.it\/de\/wp-json\/wp\/v2\/product_brand?post=4299"},{"taxonomy":"product_cat","embeddable":true,"href":"https:\/\/www.atassrl.it\/de\/wp-json\/wp\/v2\/product_cat?post=4299"},{"taxonomy":"product_tag","embeddable":true,"href":"https:\/\/www.atassrl.it\/de\/wp-json\/wp\/v2\/product_tag?post=4299"}],"curies":[{"name":"wp","href":"https:\/\/api.w.org\/{rel}","templated":true}]}}