{"id":4302,"date":"2019-07-09T16:40:58","date_gmt":"2019-07-09T14:40:58","guid":{"rendered":"http:\/\/atas.devsrvr.net\/prodotto\/ecotas-prelavaggio\/"},"modified":"2022-07-28T10:52:01","modified_gmt":"2022-07-28T08:52:01","slug":"ecotas-vorwaschmittel","status":"publish","type":"product","link":"https:\/\/www.atassrl.it\/de\/produkt\/ecotas-vorwaschmittel\/","title":{"rendered":"ECOTAS-VORWASCHMITTEL"},"content":{"rendered":"<p style=\"font-weight: 400;\">Leicht alkalisches Einkomponentenprodukt, formuliert mit speziellen Substanzen, die ein hohes Ma\u00df an Sauberkeit gegen\u00fcber Lacken, Kunststoffen, Aluminiumteilen und Gummis gew\u00e4hrleisten. Angenehm duftend, kann es auch in der hei\u00dfen Jahreszeit bedenkenlos verwendet werden.<\/p>\n","protected":false},"excerpt":{"rendered":"<div><span lang=\"DE\">VORWASCHMITTEL<\/span><\/div>\n","protected":false},"featured_media":9442,"template":"","meta":{"_acf_changed":false,"_seopress_robots_primary_cat":"","_seopress_titles_title":"","_seopress_titles_desc":"","_seopress_robots_index":"","_seopress_analysis_target_kw":""},"product_brand":[],"product_cat":[289,351],"product_tag":[],"class_list":{"0":"post-4302","1":"product","2":"type-product","3":"status-publish","4":"has-post-thumbnail","6":"product_cat-ecotass-de-2","7":"product_cat-niedrige-alkalische-vorwaschmittel","9":"first","10":"instock","11":"shipping-taxable","12":"product-type-simple"},"acf":[],"_links":{"self":[{"href":"https:\/\/www.atassrl.it\/de\/wp-json\/wp\/v2\/product\/4302","targetHints":{"allow":["GET"]}}],"collection":[{"href":"https:\/\/www.atassrl.it\/de\/wp-json\/wp\/v2\/product"}],"about":[{"href":"https:\/\/www.atassrl.it\/de\/wp-json\/wp\/v2\/types\/product"}],"wp:featuredmedia":[{"embeddable":true,"href":"https:\/\/www.atassrl.it\/de\/wp-json\/wp\/v2\/media\/9442"}],"wp:attachment":[{"href":"https:\/\/www.atassrl.it\/de\/wp-json\/wp\/v2\/media?parent=4302"}],"wp:term":[{"taxonomy":"product_brand","embeddable":true,"href":"https:\/\/www.atassrl.it\/de\/wp-json\/wp\/v2\/product_brand?post=4302"},{"taxonomy":"product_cat","embeddable":true,"href":"https:\/\/www.atassrl.it\/de\/wp-json\/wp\/v2\/product_cat?post=4302"},{"taxonomy":"product_tag","embeddable":true,"href":"https:\/\/www.atassrl.it\/de\/wp-json\/wp\/v2\/product_tag?post=4302"}],"curies":[{"name":"wp","href":"https:\/\/api.w.org\/{rel}","templated":true}]}}