{"id":4303,"date":"2019-07-09T16:42:51","date_gmt":"2019-07-09T14:42:51","guid":{"rendered":"http:\/\/atas.devsrvr.net\/prodotto\/ecotas-lavaesterni\/"},"modified":"2022-07-28T10:53:40","modified_gmt":"2022-07-28T08:53:40","slug":"ecotas-ausenwaschmittel","status":"publish","type":"product","link":"https:\/\/www.atassrl.it\/de\/produkt\/ecotas-ausenwaschmittel\/","title":{"rendered":"ECOTAS-AU\u00dfENWASCHMITTEL"},"content":{"rendered":"<p style=\"font-weight: 400;\">Konzentriertes Einzelkomponenten-Reinigungsmittel, geeignet zum Reinigen und Entfetten von Autos, Lastwagen, Lieferwagen, mechanischen Teilen und Industrieanlagen. Beduftet, respektiert es die behandelten Oberfl\u00e4chen, l\u00e4sst sich leicht absp\u00fclen und ist mit jeder Art von Reinigungsbehandlung kompatibel. L\u00e4ngeren Kontakt mit Aluminiumoberfl\u00e4chen vermeiden.<\/p>\n","protected":false},"excerpt":{"rendered":"<p style=\"font-weight: 400;\">AU\u00dfENWASCHMITTEL<\/p>\n","protected":false},"featured_media":9457,"template":"","meta":{"_acf_changed":false,"_seopress_robots_primary_cat":"","_seopress_titles_title":"","_seopress_titles_desc":"","_seopress_robots_index":"","_seopress_analysis_target_kw":""},"product_brand":[],"product_cat":[331,289],"product_tag":[],"class_list":{"0":"post-4303","1":"product","2":"type-product","3":"status-publish","4":"has-post-thumbnail","6":"product_cat-doppelte-komponente-aussenwaschmittel","7":"product_cat-ecotass-de-2","9":"first","10":"instock","11":"shipping-taxable","12":"product-type-simple"},"acf":[],"_links":{"self":[{"href":"https:\/\/www.atassrl.it\/de\/wp-json\/wp\/v2\/product\/4303","targetHints":{"allow":["GET"]}}],"collection":[{"href":"https:\/\/www.atassrl.it\/de\/wp-json\/wp\/v2\/product"}],"about":[{"href":"https:\/\/www.atassrl.it\/de\/wp-json\/wp\/v2\/types\/product"}],"wp:featuredmedia":[{"embeddable":true,"href":"https:\/\/www.atassrl.it\/de\/wp-json\/wp\/v2\/media\/9457"}],"wp:attachment":[{"href":"https:\/\/www.atassrl.it\/de\/wp-json\/wp\/v2\/media?parent=4303"}],"wp:term":[{"taxonomy":"product_brand","embeddable":true,"href":"https:\/\/www.atassrl.it\/de\/wp-json\/wp\/v2\/product_brand?post=4303"},{"taxonomy":"product_cat","embeddable":true,"href":"https:\/\/www.atassrl.it\/de\/wp-json\/wp\/v2\/product_cat?post=4303"},{"taxonomy":"product_tag","embeddable":true,"href":"https:\/\/www.atassrl.it\/de\/wp-json\/wp\/v2\/product_tag?post=4303"}],"curies":[{"name":"wp","href":"https:\/\/api.w.org\/{rel}","templated":true}]}}