{"id":4304,"date":"2019-07-09T16:45:27","date_gmt":"2019-07-09T14:45:27","guid":{"rendered":"http:\/\/atas.devsrvr.net\/prodotto\/ecotass-self-service\/"},"modified":"2022-07-28T10:56:26","modified_gmt":"2022-07-28T08:56:26","slug":"ecotass-self-service","status":"publish","type":"product","link":"https:\/\/www.atassrl.it\/de\/produkt\/ecotass-self-service\/","title":{"rendered":"ECOTASS-SELF-SERVICE"},"content":{"rendered":"<p style=\"font-weight: 400;\">Parf\u00fcmiertes Reinigungsmittel mit einer ausgewogenen Formel speziell f\u00fcr Autowaschanlagen in mit einer B\u00fcrste ausgestatteten Systemen. Es erzeugt einen weichen Schaum mit hoher Emulgierkraft gegen fettigen Schmutz, Smog und Insektenr\u00fcckst\u00e4nde. Auch bei hartem Wasser wirksam, verstopft Filter, Ventile und Pumpen nicht und ver\u00e4ndert die behandelten Teile nicht.<\/p>\n","protected":false},"excerpt":{"rendered":"<p class=\"p1\">SB-WASCHANLAGEN<\/p>\n","protected":false},"featured_media":9467,"template":"","meta":{"_acf_changed":false,"_seopress_robots_primary_cat":"","_seopress_titles_title":"","_seopress_titles_desc":"","_seopress_robots_index":"","_seopress_analysis_target_kw":""},"product_brand":[],"product_cat":[367,289,274],"product_tag":[],"class_list":{"0":"post-4304","1":"product","2":"type-product","3":"status-publish","4":"has-post-thumbnail","6":"product_cat-auto-waschstrassen","7":"product_cat-ecotass-de-2","8":"product_cat-linea-atasdet-de","10":"first","11":"instock","12":"shipping-taxable","13":"product-type-simple"},"acf":[],"_links":{"self":[{"href":"https:\/\/www.atassrl.it\/de\/wp-json\/wp\/v2\/product\/4304","targetHints":{"allow":["GET"]}}],"collection":[{"href":"https:\/\/www.atassrl.it\/de\/wp-json\/wp\/v2\/product"}],"about":[{"href":"https:\/\/www.atassrl.it\/de\/wp-json\/wp\/v2\/types\/product"}],"wp:featuredmedia":[{"embeddable":true,"href":"https:\/\/www.atassrl.it\/de\/wp-json\/wp\/v2\/media\/9467"}],"wp:attachment":[{"href":"https:\/\/www.atassrl.it\/de\/wp-json\/wp\/v2\/media?parent=4304"}],"wp:term":[{"taxonomy":"product_brand","embeddable":true,"href":"https:\/\/www.atassrl.it\/de\/wp-json\/wp\/v2\/product_brand?post=4304"},{"taxonomy":"product_cat","embeddable":true,"href":"https:\/\/www.atassrl.it\/de\/wp-json\/wp\/v2\/product_cat?post=4304"},{"taxonomy":"product_tag","embeddable":true,"href":"https:\/\/www.atassrl.it\/de\/wp-json\/wp\/v2\/product_tag?post=4304"}],"curies":[{"name":"wp","href":"https:\/\/api.w.org\/{rel}","templated":true}]}}