{"id":4306,"date":"2019-07-09T16:49:57","date_gmt":"2019-07-09T14:49:57","guid":{"rendered":"http:\/\/atas.devsrvr.net\/prodotto\/ecotass-lavacerchi\/"},"modified":"2022-07-28T11:00:04","modified_gmt":"2022-07-28T09:00:04","slug":"ecotass-felgenwaschmittel","status":"publish","type":"product","link":"https:\/\/www.atassrl.it\/de\/produkt\/ecotass-felgenwaschmittel\/","title":{"rendered":"ECOTASS-FELGENWASCHMITTEL"},"content":{"rendered":"<p style=\"font-weight: 400;\">Konzentriertes und parf\u00fcmiertes alkalisches Produkt zur Reinigung von Leichtmetallfelgen, einschlie\u00dflich lackierter, aller Fahrzeugtypen. Es entfernt schnell Verkrustungen durch Bremsstaub. L\u00e4sst sich leicht absp\u00fclen und hinterl\u00e4sst die Oberfl\u00e4chen sauber und gl\u00e4nzend ohne R\u00fcckst\u00e4nde.<\/p>\n","protected":false},"excerpt":{"rendered":"<div><span lang=\"DE\">FELGENWASCHMITTEL<\/span><\/div>\n","protected":false},"featured_media":9447,"template":"","meta":{"_acf_changed":false,"_seopress_robots_primary_cat":"","_seopress_titles_title":"","_seopress_titles_desc":"","_seopress_robots_index":"","_seopress_analysis_target_kw":""},"product_brand":[],"product_cat":[289,285],"product_tag":[],"class_list":{"0":"post-4306","1":"product","2":"type-product","3":"status-publish","4":"has-post-thumbnail","6":"product_cat-ecotass-de-2","7":"product_cat-felgen-und-reifen","9":"first","10":"instock","11":"shipping-taxable","12":"product-type-simple"},"acf":[],"_links":{"self":[{"href":"https:\/\/www.atassrl.it\/de\/wp-json\/wp\/v2\/product\/4306","targetHints":{"allow":["GET"]}}],"collection":[{"href":"https:\/\/www.atassrl.it\/de\/wp-json\/wp\/v2\/product"}],"about":[{"href":"https:\/\/www.atassrl.it\/de\/wp-json\/wp\/v2\/types\/product"}],"wp:featuredmedia":[{"embeddable":true,"href":"https:\/\/www.atassrl.it\/de\/wp-json\/wp\/v2\/media\/9447"}],"wp:attachment":[{"href":"https:\/\/www.atassrl.it\/de\/wp-json\/wp\/v2\/media?parent=4306"}],"wp:term":[{"taxonomy":"product_brand","embeddable":true,"href":"https:\/\/www.atassrl.it\/de\/wp-json\/wp\/v2\/product_brand?post=4306"},{"taxonomy":"product_cat","embeddable":true,"href":"https:\/\/www.atassrl.it\/de\/wp-json\/wp\/v2\/product_cat?post=4306"},{"taxonomy":"product_tag","embeddable":true,"href":"https:\/\/www.atassrl.it\/de\/wp-json\/wp\/v2\/product_tag?post=4306"}],"curies":[{"name":"wp","href":"https:\/\/api.w.org\/{rel}","templated":true}]}}