{"id":4307,"date":"2019-07-09T16:51:47","date_gmt":"2019-07-09T14:51:47","guid":{"rendered":"http:\/\/atas.devsrvr.net\/prodotto\/ecotass-autoasciugante\/"},"modified":"2022-07-28T11:04:34","modified_gmt":"2022-07-28T09:04:34","slug":"ecotass-selbstrocknungsmittel","status":"publish","type":"product","link":"https:\/\/www.atassrl.it\/de\/produkt\/ecotass-selbstrocknungsmittel\/","title":{"rendered":"ECOTASS-SELBSTROCKNUNGSMITTEL"},"content":{"rendered":"<p style=\"font-weight: 400;\">Kohlenwasserstofffreies kationisches Produkt speziell f\u00fcr die chemische Trocknung in automatischen Waschanlagen. Bei sofortigem Einwirken entstehen gro\u00dfe, sehr rutschige Wassertropfen. Es hinterl\u00e4sst keine R\u00fcckst\u00e4nde, verschmutzt nicht und fettet nicht.<\/p>\n","protected":false},"excerpt":{"rendered":"<div><span lang=\"DE\">SELBSTROCKNUNGSMITTEL<\/span><\/div>\n","protected":false},"featured_media":9447,"template":"","meta":{"_acf_changed":false,"_seopress_robots_primary_cat":"","_seopress_titles_title":"","_seopress_titles_desc":"","_seopress_robots_index":"","_seopress_analysis_target_kw":""},"product_brand":[],"product_cat":[289],"product_tag":[],"class_list":{"0":"post-4307","1":"product","2":"type-product","3":"status-publish","4":"has-post-thumbnail","6":"product_cat-ecotass-de-2","8":"first","9":"instock","10":"shipping-taxable","11":"product-type-simple"},"acf":[],"_links":{"self":[{"href":"https:\/\/www.atassrl.it\/de\/wp-json\/wp\/v2\/product\/4307","targetHints":{"allow":["GET"]}}],"collection":[{"href":"https:\/\/www.atassrl.it\/de\/wp-json\/wp\/v2\/product"}],"about":[{"href":"https:\/\/www.atassrl.it\/de\/wp-json\/wp\/v2\/types\/product"}],"wp:featuredmedia":[{"embeddable":true,"href":"https:\/\/www.atassrl.it\/de\/wp-json\/wp\/v2\/media\/9447"}],"wp:attachment":[{"href":"https:\/\/www.atassrl.it\/de\/wp-json\/wp\/v2\/media?parent=4307"}],"wp:term":[{"taxonomy":"product_brand","embeddable":true,"href":"https:\/\/www.atassrl.it\/de\/wp-json\/wp\/v2\/product_brand?post=4307"},{"taxonomy":"product_cat","embeddable":true,"href":"https:\/\/www.atassrl.it\/de\/wp-json\/wp\/v2\/product_cat?post=4307"},{"taxonomy":"product_tag","embeddable":true,"href":"https:\/\/www.atassrl.it\/de\/wp-json\/wp\/v2\/product_tag?post=4307"}],"curies":[{"name":"wp","href":"https:\/\/api.w.org\/{rel}","templated":true}]}}