{"id":4308,"date":"2019-07-09T16:55:13","date_gmt":"2019-07-09T14:55:13","guid":{"rendered":"http:\/\/atas.devsrvr.net\/prodotto\/brillcar\/"},"modified":"2022-07-28T11:24:15","modified_gmt":"2022-07-28T09:24:15","slug":"brillcar","status":"publish","type":"product","link":"https:\/\/www.atassrl.it\/de\/produkt\/brillcar\/","title":{"rendered":"BRILLCAR"},"content":{"rendered":"<p style=\"font-weight: 400;\">Waschmittel mit 15 % Aktivsubstanzen f\u00fcr Handw\u00e4sche geeignet. Mit einem neutralen pH-Wert, empfindlich und sicher auf jeder Art von Farbe, entfernt es Smog, Fett und Schmutz und hinterl\u00e4sst die behandelten Oberfl\u00e4chen sauber und gl\u00e4nzend. Es erzeugt einen reichlichen und weichen Schaum, der leicht ausgesp\u00fclt werden kann. Es wird auch als Schaumbildner in verschiedenen Waschsystemen angezeigt.<\/p>\n","protected":false},"excerpt":{"rendered":"<div><span lang=\"DE\">SHAMPOO F\u00dcR AUTOWASCHANLAGEN<\/span><\/div>\n","protected":false},"featured_media":4013,"template":"","meta":{"_acf_changed":false,"_seopress_robots_primary_cat":"","_seopress_titles_title":"","_seopress_titles_desc":"","_seopress_robots_index":"","_seopress_analysis_target_kw":""},"product_brand":[],"product_cat":[374],"product_tag":[],"class_list":{"0":"post-4308","1":"product","2":"type-product","3":"status-publish","4":"has-post-thumbnail","6":"product_cat-neutrales-shampoo","8":"first","9":"instock","10":"shipping-taxable","11":"product-type-variable"},"acf":[],"_links":{"self":[{"href":"https:\/\/www.atassrl.it\/de\/wp-json\/wp\/v2\/product\/4308","targetHints":{"allow":["GET"]}}],"collection":[{"href":"https:\/\/www.atassrl.it\/de\/wp-json\/wp\/v2\/product"}],"about":[{"href":"https:\/\/www.atassrl.it\/de\/wp-json\/wp\/v2\/types\/product"}],"wp:featuredmedia":[{"embeddable":true,"href":"https:\/\/www.atassrl.it\/de\/wp-json\/wp\/v2\/media\/4013"}],"wp:attachment":[{"href":"https:\/\/www.atassrl.it\/de\/wp-json\/wp\/v2\/media?parent=4308"}],"wp:term":[{"taxonomy":"product_brand","embeddable":true,"href":"https:\/\/www.atassrl.it\/de\/wp-json\/wp\/v2\/product_brand?post=4308"},{"taxonomy":"product_cat","embeddable":true,"href":"https:\/\/www.atassrl.it\/de\/wp-json\/wp\/v2\/product_cat?post=4308"},{"taxonomy":"product_tag","embeddable":true,"href":"https:\/\/www.atassrl.it\/de\/wp-json\/wp\/v2\/product_tag?post=4308"}],"curies":[{"name":"wp","href":"https:\/\/api.w.org\/{rel}","templated":true}]}}