{"id":4312,"date":"2019-07-09T16:58:40","date_gmt":"2019-07-09T14:58:40","guid":{"rendered":"http:\/\/atas.devsrvr.net\/prodotto\/autobella-2\/"},"modified":"2022-07-28T11:25:35","modified_gmt":"2022-07-28T09:25:35","slug":"autobella-2","status":"publish","type":"product","link":"https:\/\/www.atassrl.it\/de\/produkt\/autobella-2\/","title":{"rendered":"AUTOBELLA"},"content":{"rendered":"<p style=\"font-weight: 400;\">Hochviskoses Produkt mit 20 % Wirkstoff, erzeugt einen reichlich cremigen Schaum, der hochwirksam gegen fettigen Schmutz, Smog und Insektenr\u00fcckst\u00e4nde ist. Mit neutralem Ph formuliert, respektiert es selbst die empfindlichsten Farben. Es enth\u00e4lt keine Phosphate, l\u00e4sst sich leicht absp\u00fclen und verleiht den behandelten Oberfl\u00e4chen einen hervorragenden Glanz. Auch im M.A. 22% erh\u00e4ltlich.<\/p>\n","protected":false},"excerpt":{"rendered":"<div><span lang=\"EN-GB\">MANUELLES SHAMPOO F\u00dcR AUTOS<\/span><\/div>\n","protected":false},"featured_media":4006,"template":"","meta":{"_acf_changed":false,"_seopress_robots_primary_cat":"","_seopress_titles_title":"","_seopress_titles_desc":"","_seopress_robots_index":"","_seopress_analysis_target_kw":""},"product_brand":[],"product_cat":[723,274,374],"product_tag":[],"class_list":{"0":"post-4312","1":"product","2":"type-product","3":"status-publish","4":"has-post-thumbnail","6":"product_cat-ausenreiniger","7":"product_cat-linea-atasdet-de","8":"product_cat-neutrales-shampoo","10":"first","11":"instock","12":"shipping-taxable","13":"product-type-variable"},"acf":[],"_links":{"self":[{"href":"https:\/\/www.atassrl.it\/de\/wp-json\/wp\/v2\/product\/4312","targetHints":{"allow":["GET"]}}],"collection":[{"href":"https:\/\/www.atassrl.it\/de\/wp-json\/wp\/v2\/product"}],"about":[{"href":"https:\/\/www.atassrl.it\/de\/wp-json\/wp\/v2\/types\/product"}],"wp:featuredmedia":[{"embeddable":true,"href":"https:\/\/www.atassrl.it\/de\/wp-json\/wp\/v2\/media\/4006"}],"wp:attachment":[{"href":"https:\/\/www.atassrl.it\/de\/wp-json\/wp\/v2\/media?parent=4312"}],"wp:term":[{"taxonomy":"product_brand","embeddable":true,"href":"https:\/\/www.atassrl.it\/de\/wp-json\/wp\/v2\/product_brand?post=4312"},{"taxonomy":"product_cat","embeddable":true,"href":"https:\/\/www.atassrl.it\/de\/wp-json\/wp\/v2\/product_cat?post=4312"},{"taxonomy":"product_tag","embeddable":true,"href":"https:\/\/www.atassrl.it\/de\/wp-json\/wp\/v2\/product_tag?post=4312"}],"curies":[{"name":"wp","href":"https:\/\/api.w.org\/{rel}","templated":true}]}}