{"id":4316,"date":"2019-07-09T17:01:18","date_gmt":"2019-07-09T15:01:18","guid":{"rendered":"http:\/\/atas.devsrvr.net\/prodotto\/autobella-lavaincera-2\/"},"modified":"2022-07-28T11:26:58","modified_gmt":"2022-07-28T09:26:58","slug":"autobella-lavaincera-2","status":"publish","type":"product","link":"https:\/\/www.atassrl.it\/de\/produkt\/autobella-lavaincera-2\/","title":{"rendered":"AUTOBELLA LAVAINCERA"},"content":{"rendered":"<p style=\"font-weight: 400;\">Speziell formuliert zum Waschen und Entfetten jeder Art von Farbe. Reich an polierenden, emulgierenden und wasserabweisenden Substanzen, erleichtert es den Trocknungsprozess und hinterl\u00e4sst einen \u00fcberraschenden Glanz. Empfohlen zum Waschen empfindlicher Oberfl\u00e4chen. Es enth\u00e4lt keine Phosphate.<\/p>\n","protected":false},"excerpt":{"rendered":"<div><span lang=\"DE\">POLIERENDES MANUELLES SHAMPOO<\/span><\/div>\n","protected":false},"featured_media":4007,"template":"","meta":{"_acf_changed":false,"_seopress_robots_primary_cat":"","_seopress_titles_title":"","_seopress_titles_desc":"","_seopress_robots_index":"","_seopress_analysis_target_kw":""},"product_brand":[],"product_cat":[723,274,374],"product_tag":[],"class_list":{"0":"post-4316","1":"product","2":"type-product","3":"status-publish","4":"has-post-thumbnail","6":"product_cat-ausenreiniger","7":"product_cat-linea-atasdet-de","8":"product_cat-neutrales-shampoo","10":"first","11":"instock","12":"shipping-taxable","13":"product-type-variable"},"acf":[],"_links":{"self":[{"href":"https:\/\/www.atassrl.it\/de\/wp-json\/wp\/v2\/product\/4316","targetHints":{"allow":["GET"]}}],"collection":[{"href":"https:\/\/www.atassrl.it\/de\/wp-json\/wp\/v2\/product"}],"about":[{"href":"https:\/\/www.atassrl.it\/de\/wp-json\/wp\/v2\/types\/product"}],"wp:featuredmedia":[{"embeddable":true,"href":"https:\/\/www.atassrl.it\/de\/wp-json\/wp\/v2\/media\/4007"}],"wp:attachment":[{"href":"https:\/\/www.atassrl.it\/de\/wp-json\/wp\/v2\/media?parent=4316"}],"wp:term":[{"taxonomy":"product_brand","embeddable":true,"href":"https:\/\/www.atassrl.it\/de\/wp-json\/wp\/v2\/product_brand?post=4316"},{"taxonomy":"product_cat","embeddable":true,"href":"https:\/\/www.atassrl.it\/de\/wp-json\/wp\/v2\/product_cat?post=4316"},{"taxonomy":"product_tag","embeddable":true,"href":"https:\/\/www.atassrl.it\/de\/wp-json\/wp\/v2\/product_tag?post=4316"}],"curies":[{"name":"wp","href":"https:\/\/api.w.org\/{rel}","templated":true}]}}