{"id":4319,"date":"2019-07-09T17:14:42","date_gmt":"2019-07-09T15:14:42","guid":{"rendered":"http:\/\/atas.devsrvr.net\/prodotto\/dls-100\/"},"modified":"2022-07-28T11:35:01","modified_gmt":"2022-07-28T09:35:01","slug":"dls-100","status":"publish","type":"product","link":"https:\/\/www.atassrl.it\/de\/produkt\/dls-100\/","title":{"rendered":"DLS 100"},"content":{"rendered":"<p style=\"font-weight: 400;\">Spezielle Tensidmischung mit hoher Schaumkraft, die f\u00fcr einen hervorragenden \u201eSchneeeffekt\u201c sorgt. Der reichlich entstehende Schaum weicht den Restschmutz auf und erleichtert die Reinigungswirkung der B\u00fcrsten. Schwache Reinigungswirkung, leicht auszusp\u00fclen, hinterl\u00e4sst keine R\u00fcckst\u00e4nde und beeintr\u00e4chtigt nicht die Trocknungsphase. Die parf\u00fcmierte Version \u201ePRF\u201c ist erh\u00e4ltlich.<\/p>\n","protected":false},"excerpt":{"rendered":"<div><span lang=\"DE\">SCH\u00c4UMMITTEL F\u00dcR AUTOMATISCHE WASCHANLAGEN<\/span><\/div>\n","protected":false},"featured_media":4048,"template":"","meta":{"_acf_changed":false,"_seopress_robots_primary_cat":"","_seopress_titles_title":"","_seopress_titles_desc":"","_seopress_robots_index":"","_seopress_analysis_target_kw":""},"product_brand":[],"product_cat":[274,363],"product_tag":[899],"class_list":{"0":"post-4319","1":"product","2":"type-product","3":"status-publish","4":"has-post-thumbnail","6":"product_cat-linea-atasdet-de","7":"product_cat-schaummittel","8":"product_tag-schaummittel","10":"first","11":"instock","12":"shipping-taxable","13":"product-type-simple"},"acf":[],"_links":{"self":[{"href":"https:\/\/www.atassrl.it\/de\/wp-json\/wp\/v2\/product\/4319","targetHints":{"allow":["GET"]}}],"collection":[{"href":"https:\/\/www.atassrl.it\/de\/wp-json\/wp\/v2\/product"}],"about":[{"href":"https:\/\/www.atassrl.it\/de\/wp-json\/wp\/v2\/types\/product"}],"wp:featuredmedia":[{"embeddable":true,"href":"https:\/\/www.atassrl.it\/de\/wp-json\/wp\/v2\/media\/4048"}],"wp:attachment":[{"href":"https:\/\/www.atassrl.it\/de\/wp-json\/wp\/v2\/media?parent=4319"}],"wp:term":[{"taxonomy":"product_brand","embeddable":true,"href":"https:\/\/www.atassrl.it\/de\/wp-json\/wp\/v2\/product_brand?post=4319"},{"taxonomy":"product_cat","embeddable":true,"href":"https:\/\/www.atassrl.it\/de\/wp-json\/wp\/v2\/product_cat?post=4319"},{"taxonomy":"product_tag","embeddable":true,"href":"https:\/\/www.atassrl.it\/de\/wp-json\/wp\/v2\/product_tag?post=4319"}],"curies":[{"name":"wp","href":"https:\/\/api.w.org\/{rel}","templated":true}]}}