{"id":4320,"date":"2019-07-09T17:18:09","date_gmt":"2019-07-09T15:18:09","guid":{"rendered":"http:\/\/atas.devsrvr.net\/prodotto\/dls-100-bu-ro-gl\/"},"modified":"2022-07-28T11:36:55","modified_gmt":"2022-07-28T09:36:55","slug":"dls-100-ro-gl","status":"publish","type":"product","link":"https:\/\/www.atassrl.it\/de\/produkt\/dls-100-ro-gl\/","title":{"rendered":"DLS 100 RO-GL"},"content":{"rendered":"<p style=\"font-weight: 400;\">Schaum, der eine originelle visuelle Wirkung garantiert, die den Kunden zufriedenstellt und ihn anzieht. M\u00e4\u00dfige Waschkraft, hinterl\u00e4sst keine Flecken, verstopft Pumpen und D\u00fcsen nicht und l\u00e4sst sich leicht aussp\u00fclen. Verwenden Sie es pur direkt im angesaugten Schaumbogen, indem Sie den Druck auf 4\/6 atm und mit Wasser in einer offenen Mischung einstellen. Bei Verwendung mit Schaumvernebler denselben Druck beibehalten. Reduzieren Sie Schwebungen, um zu verhindern, dass Farbe im Abwasser verbleibt.<\/p>\n","protected":false},"excerpt":{"rendered":"<div><span lang=\"DE\">FARBIGE SCH\u00c4UMMITTEL<\/span><\/div>\n","protected":false},"featured_media":9475,"template":"","meta":{"_acf_changed":false,"_seopress_robots_primary_cat":"","_seopress_titles_title":"","_seopress_titles_desc":"","_seopress_robots_index":"","_seopress_analysis_target_kw":""},"product_brand":[],"product_cat":[274,363],"product_tag":[],"class_list":{"0":"post-4320","1":"product","2":"type-product","3":"status-publish","4":"has-post-thumbnail","6":"product_cat-linea-atasdet-de","7":"product_cat-schaummittel","9":"first","10":"instock","11":"shipping-taxable","12":"product-type-variable"},"acf":[],"_links":{"self":[{"href":"https:\/\/www.atassrl.it\/de\/wp-json\/wp\/v2\/product\/4320","targetHints":{"allow":["GET"]}}],"collection":[{"href":"https:\/\/www.atassrl.it\/de\/wp-json\/wp\/v2\/product"}],"about":[{"href":"https:\/\/www.atassrl.it\/de\/wp-json\/wp\/v2\/types\/product"}],"wp:featuredmedia":[{"embeddable":true,"href":"https:\/\/www.atassrl.it\/de\/wp-json\/wp\/v2\/media\/9475"}],"wp:attachment":[{"href":"https:\/\/www.atassrl.it\/de\/wp-json\/wp\/v2\/media?parent=4320"}],"wp:term":[{"taxonomy":"product_brand","embeddable":true,"href":"https:\/\/www.atassrl.it\/de\/wp-json\/wp\/v2\/product_brand?post=4320"},{"taxonomy":"product_cat","embeddable":true,"href":"https:\/\/www.atassrl.it\/de\/wp-json\/wp\/v2\/product_cat?post=4320"},{"taxonomy":"product_tag","embeddable":true,"href":"https:\/\/www.atassrl.it\/de\/wp-json\/wp\/v2\/product_tag?post=4320"}],"curies":[{"name":"wp","href":"https:\/\/api.w.org\/{rel}","templated":true}]}}