{"id":4324,"date":"2019-07-09T17:20:54","date_gmt":"2019-07-09T15:20:54","guid":{"rendered":"http:\/\/atas.devsrvr.net\/prodotto\/dls-125\/"},"modified":"2022-07-28T11:38:36","modified_gmt":"2022-07-28T09:38:36","slug":"dls-125","status":"publish","type":"product","link":"https:\/\/www.atassrl.it\/de\/produkt\/dls-125\/","title":{"rendered":"DLS 125"},"content":{"rendered":"<p style=\"font-weight: 400;\">Es erzeugt einen weichen und volumin\u00f6sen Schaum mit hoher Haftkraft, der eine perfekte Waschkraft gew\u00e4hrleistet. Es l\u00e4sst sich leicht aussp\u00fclen, hinterl\u00e4sst keine R\u00fcckst\u00e4nde und beeintr\u00e4chtigt nicht die Leistung des Wachses. Arbeiten Sie bei einem Druck von nicht weniger als 5-6 atm. Es kann sowohl in automatischen Systemen als auch mit einem Schaumvernebler verwendet werden. Die \u201eAL\u201c-Version mit weniger Aktiv ist ebenfalls erh\u00e4ltlich.<\/p>\n","protected":false},"excerpt":{"rendered":"<div><span lang=\"EN-GB\">SCH\u00c4UMENDES WASCHMITTEL<\/span><\/div>\n","protected":false},"featured_media":4053,"template":"","meta":{"_acf_changed":false,"_seopress_robots_primary_cat":"","_seopress_titles_title":"","_seopress_titles_desc":"","_seopress_robots_index":"","_seopress_analysis_target_kw":""},"product_brand":[],"product_cat":[274,363],"product_tag":[],"class_list":{"0":"post-4324","1":"product","2":"type-product","3":"status-publish","4":"has-post-thumbnail","6":"product_cat-linea-atasdet-de","7":"product_cat-schaummittel","9":"first","10":"instock","11":"shipping-taxable","12":"product-type-variable"},"acf":[],"_links":{"self":[{"href":"https:\/\/www.atassrl.it\/de\/wp-json\/wp\/v2\/product\/4324","targetHints":{"allow":["GET"]}}],"collection":[{"href":"https:\/\/www.atassrl.it\/de\/wp-json\/wp\/v2\/product"}],"about":[{"href":"https:\/\/www.atassrl.it\/de\/wp-json\/wp\/v2\/types\/product"}],"wp:featuredmedia":[{"embeddable":true,"href":"https:\/\/www.atassrl.it\/de\/wp-json\/wp\/v2\/media\/4053"}],"wp:attachment":[{"href":"https:\/\/www.atassrl.it\/de\/wp-json\/wp\/v2\/media?parent=4324"}],"wp:term":[{"taxonomy":"product_brand","embeddable":true,"href":"https:\/\/www.atassrl.it\/de\/wp-json\/wp\/v2\/product_brand?post=4324"},{"taxonomy":"product_cat","embeddable":true,"href":"https:\/\/www.atassrl.it\/de\/wp-json\/wp\/v2\/product_cat?post=4324"},{"taxonomy":"product_tag","embeddable":true,"href":"https:\/\/www.atassrl.it\/de\/wp-json\/wp\/v2\/product_tag?post=4324"}],"curies":[{"name":"wp","href":"https:\/\/api.w.org\/{rel}","templated":true}]}}