{"id":4329,"date":"2019-07-09T17:23:27","date_gmt":"2019-07-09T15:23:27","guid":{"rendered":"http:\/\/atas.devsrvr.net\/prodotto\/dls-125-l3\/"},"modified":"2022-07-28T11:39:50","modified_gmt":"2022-07-28T09:39:50","slug":"dls-125-l3","status":"publish","type":"product","link":"https:\/\/www.atassrl.it\/de\/produkt\/dls-125-l3\/","title":{"rendered":"DLS 125 L3"},"content":{"rendered":"<p style=\"font-weight: 400;\">Konzentriertes Produkt mit hoher optischer Wirkung, erzeugt ein blau gef\u00e4rbtes Reinigungsmittel und Entfettungsmittel, das die Farben gl\u00e4nzend hinterl\u00e4sst und D\u00fcsen und Pumpen nicht verstopft. Kompatibel mit allen Reinigungsverfahren und sowohl in automatischen Systemen als auch mit Schaumzerst\u00e4ubern verwendbar, wird empfohlen, bei einem Druck von nicht weniger als 5-6 atm zu arbeiten.<\/p>\n","protected":false},"excerpt":{"rendered":"<div><span lang=\"DE\">FARBIGE SCH\u00c4UMMITTEL<\/span><\/div>\n","protected":false},"featured_media":4050,"template":"","meta":{"_acf_changed":false,"_seopress_robots_primary_cat":"","_seopress_titles_title":"","_seopress_titles_desc":"","_seopress_robots_index":"","_seopress_analysis_target_kw":""},"product_brand":[],"product_cat":[274,363],"product_tag":[],"class_list":{"0":"post-4329","1":"product","2":"type-product","3":"status-publish","4":"has-post-thumbnail","6":"product_cat-linea-atasdet-de","7":"product_cat-schaummittel","9":"first","10":"instock","11":"shipping-taxable","12":"product-type-variable"},"acf":[],"_links":{"self":[{"href":"https:\/\/www.atassrl.it\/de\/wp-json\/wp\/v2\/product\/4329","targetHints":{"allow":["GET"]}}],"collection":[{"href":"https:\/\/www.atassrl.it\/de\/wp-json\/wp\/v2\/product"}],"about":[{"href":"https:\/\/www.atassrl.it\/de\/wp-json\/wp\/v2\/types\/product"}],"wp:featuredmedia":[{"embeddable":true,"href":"https:\/\/www.atassrl.it\/de\/wp-json\/wp\/v2\/media\/4050"}],"wp:attachment":[{"href":"https:\/\/www.atassrl.it\/de\/wp-json\/wp\/v2\/media?parent=4329"}],"wp:term":[{"taxonomy":"product_brand","embeddable":true,"href":"https:\/\/www.atassrl.it\/de\/wp-json\/wp\/v2\/product_brand?post=4329"},{"taxonomy":"product_cat","embeddable":true,"href":"https:\/\/www.atassrl.it\/de\/wp-json\/wp\/v2\/product_cat?post=4329"},{"taxonomy":"product_tag","embeddable":true,"href":"https:\/\/www.atassrl.it\/de\/wp-json\/wp\/v2\/product_tag?post=4329"}],"curies":[{"name":"wp","href":"https:\/\/api.w.org\/{rel}","templated":true}]}}