{"id":4333,"date":"2019-07-09T17:25:50","date_gmt":"2019-07-09T15:25:50","guid":{"rendered":"http:\/\/atas.devsrvr.net\/prodotto\/dls-150\/"},"modified":"2022-07-28T11:41:04","modified_gmt":"2022-07-28T09:41:04","slug":"dls-150","status":"publish","type":"product","link":"https:\/\/www.atassrl.it\/de\/produkt\/dls-150\/","title":{"rendered":"DLS 150"},"content":{"rendered":"<p style=\"font-weight: 400;\">Geeignet sowohl f\u00fcr automatische Systeme, die mit dem entsprechenden Bogen ausgestattet sind, als auch mit einem Schaumvernebler. Reich an Substanz mit hoher Entfettungskraft sorgt es durch eine weiche Schaumschicht f\u00fcr eine perfekte Reinigung. Es verstopft Filter, D\u00fcsen und Pumpen nicht und l\u00e4sst sich leicht aussp\u00fclen. Arbeiten Sie bei einem Druck von nicht weniger als 5-6 atm.<\/p>\n","protected":false},"excerpt":{"rendered":"<div><span lang=\"EN-GB\">SCH\u00c4UMENDES WASCHMITTEL MIT SCHNEE-EFFEKT<\/span><\/div>\n","protected":false},"featured_media":4051,"template":"","meta":{"_acf_changed":false,"_seopress_robots_primary_cat":"","_seopress_titles_title":"","_seopress_titles_desc":"","_seopress_robots_index":"","_seopress_analysis_target_kw":""},"product_brand":[],"product_cat":[274,363],"product_tag":[],"class_list":{"0":"post-4333","1":"product","2":"type-product","3":"status-publish","4":"has-post-thumbnail","6":"product_cat-linea-atasdet-de","7":"product_cat-schaummittel","9":"first","10":"instock","11":"shipping-taxable","12":"product-type-variable"},"acf":[],"_links":{"self":[{"href":"https:\/\/www.atassrl.it\/de\/wp-json\/wp\/v2\/product\/4333","targetHints":{"allow":["GET"]}}],"collection":[{"href":"https:\/\/www.atassrl.it\/de\/wp-json\/wp\/v2\/product"}],"about":[{"href":"https:\/\/www.atassrl.it\/de\/wp-json\/wp\/v2\/types\/product"}],"wp:featuredmedia":[{"embeddable":true,"href":"https:\/\/www.atassrl.it\/de\/wp-json\/wp\/v2\/media\/4051"}],"wp:attachment":[{"href":"https:\/\/www.atassrl.it\/de\/wp-json\/wp\/v2\/media?parent=4333"}],"wp:term":[{"taxonomy":"product_brand","embeddable":true,"href":"https:\/\/www.atassrl.it\/de\/wp-json\/wp\/v2\/product_brand?post=4333"},{"taxonomy":"product_cat","embeddable":true,"href":"https:\/\/www.atassrl.it\/de\/wp-json\/wp\/v2\/product_cat?post=4333"},{"taxonomy":"product_tag","embeddable":true,"href":"https:\/\/www.atassrl.it\/de\/wp-json\/wp\/v2\/product_tag?post=4333"}],"curies":[{"name":"wp","href":"https:\/\/api.w.org\/{rel}","templated":true}]}}