{"id":4337,"date":"2019-07-09T17:27:52","date_gmt":"2019-07-09T15:27:52","guid":{"rendered":"http:\/\/atas.devsrvr.net\/prodotto\/dls-200\/"},"modified":"2022-07-28T14:43:21","modified_gmt":"2022-07-28T12:43:21","slug":"dls-200","status":"publish","type":"product","link":"https:\/\/www.atassrl.it\/de\/produkt\/dls-200\/","title":{"rendered":"DLS 200"},"content":{"rendered":"<p style=\"font-weight: 400;\">Blauer Schaum mit starker Reinigungswirkung und hervorragender Polierkraft zur Verwendung in Systemen und Tunneln mit Schaumb\u00f6gen. Angenehm parf\u00fcmiert, l\u00e4sst es sich leicht aussp\u00fclen und erleichtert das Trocknen.<\/p>\n","protected":false},"excerpt":{"rendered":"<div><span lang=\"EN-GB\">PARF\u00dcMIERTER REINIGUNGS- UND POLIERAKTIVER SCHAUM<\/span><\/div>\n","protected":false},"featured_media":4052,"template":"","meta":{"_acf_changed":false,"_seopress_robots_primary_cat":"","_seopress_titles_title":"","_seopress_titles_desc":"","_seopress_robots_index":"","_seopress_analysis_target_kw":""},"product_brand":[],"product_cat":[274,363],"product_tag":[],"class_list":{"0":"post-4337","1":"product","2":"type-product","3":"status-publish","4":"has-post-thumbnail","6":"product_cat-linea-atasdet-de","7":"product_cat-schaummittel","9":"first","10":"instock","11":"shipping-taxable","12":"product-type-variable"},"acf":[],"_links":{"self":[{"href":"https:\/\/www.atassrl.it\/de\/wp-json\/wp\/v2\/product\/4337","targetHints":{"allow":["GET"]}}],"collection":[{"href":"https:\/\/www.atassrl.it\/de\/wp-json\/wp\/v2\/product"}],"about":[{"href":"https:\/\/www.atassrl.it\/de\/wp-json\/wp\/v2\/types\/product"}],"wp:featuredmedia":[{"embeddable":true,"href":"https:\/\/www.atassrl.it\/de\/wp-json\/wp\/v2\/media\/4052"}],"wp:attachment":[{"href":"https:\/\/www.atassrl.it\/de\/wp-json\/wp\/v2\/media?parent=4337"}],"wp:term":[{"taxonomy":"product_brand","embeddable":true,"href":"https:\/\/www.atassrl.it\/de\/wp-json\/wp\/v2\/product_brand?post=4337"},{"taxonomy":"product_cat","embeddable":true,"href":"https:\/\/www.atassrl.it\/de\/wp-json\/wp\/v2\/product_cat?post=4337"},{"taxonomy":"product_tag","embeddable":true,"href":"https:\/\/www.atassrl.it\/de\/wp-json\/wp\/v2\/product_tag?post=4337"}],"curies":[{"name":"wp","href":"https:\/\/api.w.org\/{rel}","templated":true}]}}