{"id":4340,"date":"2019-07-09T17:32:51","date_gmt":"2019-07-09T15:32:51","guid":{"rendered":"http:\/\/atas.devsrvr.net\/prodotto\/deter-p12\/"},"modified":"2022-07-28T14:58:42","modified_gmt":"2022-07-28T12:58:42","slug":"deter-p12","status":"publish","type":"product","link":"https:\/\/www.atassrl.it\/de\/produkt\/deter-p12\/","title":{"rendered":"DETER P12"},"content":{"rendered":"<p style=\"font-weight: 400;\">Speziell f\u00fcr automatische Systeme entwickelt, neutralisiert es neben der Reinigung auch die Restalkalit\u00e4t und bereitet die Fahrzeugoberfl\u00e4che optimal auf die Wachsphase vor. Leicht aussp\u00fclbar, tr\u00e4gt es zur Reinigung der B\u00fcrsten bei (die allerdings am Ende des Tages ausgesp\u00fclt werden sollten).<\/p>\n","protected":false},"excerpt":{"rendered":"<p class=\"p1\">SCH\u00c4UMER ZUR WACHSVORBEHANDLUNG<\/p>\n","protected":false},"featured_media":4039,"template":"","meta":{"_acf_changed":false,"_seopress_robots_primary_cat":"","_seopress_titles_title":"","_seopress_titles_desc":"","_seopress_robots_index":"","_seopress_analysis_target_kw":""},"product_brand":[],"product_cat":[274,396],"product_tag":[],"class_list":{"0":"post-4340","1":"product","2":"type-product","3":"status-publish","4":"has-post-thumbnail","6":"product_cat-linea-atasdet-de","7":"product_cat-wachse-und-vorwachse","9":"first","10":"instock","11":"shipping-taxable","12":"product-type-variable"},"acf":[],"_links":{"self":[{"href":"https:\/\/www.atassrl.it\/de\/wp-json\/wp\/v2\/product\/4340","targetHints":{"allow":["GET"]}}],"collection":[{"href":"https:\/\/www.atassrl.it\/de\/wp-json\/wp\/v2\/product"}],"about":[{"href":"https:\/\/www.atassrl.it\/de\/wp-json\/wp\/v2\/types\/product"}],"wp:featuredmedia":[{"embeddable":true,"href":"https:\/\/www.atassrl.it\/de\/wp-json\/wp\/v2\/media\/4039"}],"wp:attachment":[{"href":"https:\/\/www.atassrl.it\/de\/wp-json\/wp\/v2\/media?parent=4340"}],"wp:term":[{"taxonomy":"product_brand","embeddable":true,"href":"https:\/\/www.atassrl.it\/de\/wp-json\/wp\/v2\/product_brand?post=4340"},{"taxonomy":"product_cat","embeddable":true,"href":"https:\/\/www.atassrl.it\/de\/wp-json\/wp\/v2\/product_cat?post=4340"},{"taxonomy":"product_tag","embeddable":true,"href":"https:\/\/www.atassrl.it\/de\/wp-json\/wp\/v2\/product_tag?post=4340"}],"curies":[{"name":"wp","href":"https:\/\/api.w.org\/{rel}","templated":true}]}}