{"id":4343,"date":"2019-07-09T17:35:22","date_gmt":"2019-07-09T15:35:22","guid":{"rendered":"http:\/\/atas.devsrvr.net\/prodotto\/deter-p24\/"},"modified":"2022-07-28T14:59:36","modified_gmt":"2022-07-28T12:59:36","slug":"deter-p24","status":"publish","type":"product","link":"https:\/\/www.atassrl.it\/de\/produkt\/deter-p24\/","title":{"rendered":"DETER P24"},"content":{"rendered":"<div><span lang=\"DE\">Hervorragende antistatische Formulierung, die dem Lack besonderen Glanz und Schutz verleiht. Hervorragendes Hilfsmittel f\u00fcr selbsttrocknendes Wachs, verlangsamt das Wiederabsetzen von Schmutz und erleichtert nachfolgende W\u00e4schen. Es beg\u00fcnstigt das Gleiten der B\u00fcrsten auf der Karosserie und kann zu einer Verringerung der Dosierung des Wachses selbst f\u00fchren.<\/span><\/div>\n","protected":false},"excerpt":{"rendered":"<p class=\"p1\">POLIERENDE WACHSVORBEHANDLUNG<\/p>\n","protected":false},"featured_media":4040,"template":"","meta":{"_acf_changed":false,"_seopress_robots_primary_cat":"","_seopress_titles_title":"","_seopress_titles_desc":"","_seopress_robots_index":"","_seopress_analysis_target_kw":""},"product_brand":[],"product_cat":[274,396],"product_tag":[],"class_list":{"0":"post-4343","1":"product","2":"type-product","3":"status-publish","4":"has-post-thumbnail","6":"product_cat-linea-atasdet-de","7":"product_cat-wachse-und-vorwachse","9":"first","10":"instock","11":"shipping-taxable","12":"product-type-variable"},"acf":[],"_links":{"self":[{"href":"https:\/\/www.atassrl.it\/de\/wp-json\/wp\/v2\/product\/4343","targetHints":{"allow":["GET"]}}],"collection":[{"href":"https:\/\/www.atassrl.it\/de\/wp-json\/wp\/v2\/product"}],"about":[{"href":"https:\/\/www.atassrl.it\/de\/wp-json\/wp\/v2\/types\/product"}],"wp:featuredmedia":[{"embeddable":true,"href":"https:\/\/www.atassrl.it\/de\/wp-json\/wp\/v2\/media\/4040"}],"wp:attachment":[{"href":"https:\/\/www.atassrl.it\/de\/wp-json\/wp\/v2\/media?parent=4343"}],"wp:term":[{"taxonomy":"product_brand","embeddable":true,"href":"https:\/\/www.atassrl.it\/de\/wp-json\/wp\/v2\/product_brand?post=4343"},{"taxonomy":"product_cat","embeddable":true,"href":"https:\/\/www.atassrl.it\/de\/wp-json\/wp\/v2\/product_cat?post=4343"},{"taxonomy":"product_tag","embeddable":true,"href":"https:\/\/www.atassrl.it\/de\/wp-json\/wp\/v2\/product_tag?post=4343"}],"curies":[{"name":"wp","href":"https:\/\/api.w.org\/{rel}","templated":true}]}}