{"id":4347,"date":"2019-07-09T17:37:40","date_gmt":"2019-07-09T15:37:40","guid":{"rendered":"http:\/\/atas.devsrvr.net\/prodotto\/deter-pm3\/"},"modified":"2022-07-28T15:30:22","modified_gmt":"2022-07-28T13:30:22","slug":"deter-pm3","status":"publish","type":"product","link":"https:\/\/www.atassrl.it\/de\/produkt\/deter-pm3\/","title":{"rendered":"DETER PM3"},"content":{"rendered":"<p style=\"font-weight: 400;\">Hilfsprodukt f\u00fcr die chemische Trocknungswirkung des Wachses. Bei saurem pH-Wert eliminiert es jegliche Restalkalit\u00e4t der Vorw\u00e4sche und erleichtert dank der antistatischen Eigenschaften seiner Komponenten die Trocknungswirkung des Autos. Die Karosserie wird vollkommen trocken, gl\u00e4nzend und vor erneuter Schmutzablagerung gesch\u00fctzt, was nachfolgende W\u00e4schen erleichtert. Es hilft auch, die B\u00fcrsten sauber zu halten.<\/p>\n","protected":false},"excerpt":{"rendered":"<div><span lang=\"DE\">EXTRA POLIERVORWACHS<\/span><\/div>\n","protected":false},"featured_media":9486,"template":"","meta":{"_acf_changed":false,"_seopress_robots_primary_cat":"","_seopress_titles_title":"","_seopress_titles_desc":"","_seopress_robots_index":"","_seopress_analysis_target_kw":""},"product_brand":[],"product_cat":[274,396],"product_tag":[],"class_list":{"0":"post-4347","1":"product","2":"type-product","3":"status-publish","4":"has-post-thumbnail","6":"product_cat-linea-atasdet-de","7":"product_cat-wachse-und-vorwachse","9":"first","10":"instock","11":"shipping-taxable","12":"product-type-variable"},"acf":[],"_links":{"self":[{"href":"https:\/\/www.atassrl.it\/de\/wp-json\/wp\/v2\/product\/4347","targetHints":{"allow":["GET"]}}],"collection":[{"href":"https:\/\/www.atassrl.it\/de\/wp-json\/wp\/v2\/product"}],"about":[{"href":"https:\/\/www.atassrl.it\/de\/wp-json\/wp\/v2\/types\/product"}],"wp:featuredmedia":[{"embeddable":true,"href":"https:\/\/www.atassrl.it\/de\/wp-json\/wp\/v2\/media\/9486"}],"wp:attachment":[{"href":"https:\/\/www.atassrl.it\/de\/wp-json\/wp\/v2\/media?parent=4347"}],"wp:term":[{"taxonomy":"product_brand","embeddable":true,"href":"https:\/\/www.atassrl.it\/de\/wp-json\/wp\/v2\/product_brand?post=4347"},{"taxonomy":"product_cat","embeddable":true,"href":"https:\/\/www.atassrl.it\/de\/wp-json\/wp\/v2\/product_cat?post=4347"},{"taxonomy":"product_tag","embeddable":true,"href":"https:\/\/www.atassrl.it\/de\/wp-json\/wp\/v2\/product_tag?post=4347"}],"curies":[{"name":"wp","href":"https:\/\/api.w.org\/{rel}","templated":true}]}}