{"id":4350,"date":"2019-07-09T17:40:13","date_gmt":"2019-07-09T15:40:13","guid":{"rendered":"http:\/\/atas.devsrvr.net\/prodotto\/repel-eco\/"},"modified":"2022-07-28T15:52:16","modified_gmt":"2022-07-28T13:52:16","slug":"repel-eco","status":"publish","type":"product","link":"https:\/\/www.atassrl.it\/de\/produkt\/repel-eco\/","title":{"rendered":"REPEL ECO"},"content":{"rendered":"<p style=\"font-weight: 400;\">Hervorragende Formulierung auf kationischer Basis zur Verwendung in automatischen Waschsystemen. Es bewirkt das sofortige Brechen des Wasserschleiers mit der daraus folgenden Bildung von Tropfen, die beim Gleiten das Auto perfekt trocken und gl\u00e4nzend hinterlassen. Ein d\u00fcnner Film sch\u00fctzt die Farbe vor Oxidation und erleichtert nachfolgende W\u00e4schen. Es friert nicht, fettet nicht und verschmutzt nicht die B\u00fcrsten und den Einsatzbereich. Auch erh\u00e4ltlich in der &#8222;RI&#8220;-Version mit weniger Wirkstoff und der parf\u00fcmierten &#8222;PRF&#8220;-Version.<\/p>\n","protected":false},"excerpt":{"rendered":"<p class=\"p1\">WACHS-TROCKENHILFE<\/p>\n","protected":false},"featured_media":4150,"template":"","meta":{"_acf_changed":false,"_seopress_robots_primary_cat":"","_seopress_titles_title":"","_seopress_titles_desc":"","_seopress_robots_index":"","_seopress_analysis_target_kw":""},"product_brand":[],"product_cat":[274,396],"product_tag":[],"class_list":{"0":"post-4350","1":"product","2":"type-product","3":"status-publish","4":"has-post-thumbnail","6":"product_cat-linea-atasdet-de","7":"product_cat-wachse-und-vorwachse","9":"first","10":"instock","11":"shipping-taxable","12":"product-type-variable"},"acf":[],"_links":{"self":[{"href":"https:\/\/www.atassrl.it\/de\/wp-json\/wp\/v2\/product\/4350","targetHints":{"allow":["GET"]}}],"collection":[{"href":"https:\/\/www.atassrl.it\/de\/wp-json\/wp\/v2\/product"}],"about":[{"href":"https:\/\/www.atassrl.it\/de\/wp-json\/wp\/v2\/types\/product"}],"wp:featuredmedia":[{"embeddable":true,"href":"https:\/\/www.atassrl.it\/de\/wp-json\/wp\/v2\/media\/4150"}],"wp:attachment":[{"href":"https:\/\/www.atassrl.it\/de\/wp-json\/wp\/v2\/media?parent=4350"}],"wp:term":[{"taxonomy":"product_brand","embeddable":true,"href":"https:\/\/www.atassrl.it\/de\/wp-json\/wp\/v2\/product_brand?post=4350"},{"taxonomy":"product_cat","embeddable":true,"href":"https:\/\/www.atassrl.it\/de\/wp-json\/wp\/v2\/product_cat?post=4350"},{"taxonomy":"product_tag","embeddable":true,"href":"https:\/\/www.atassrl.it\/de\/wp-json\/wp\/v2\/product_tag?post=4350"}],"curies":[{"name":"wp","href":"https:\/\/api.w.org\/{rel}","templated":true}]}}