{"id":4353,"date":"2019-07-09T17:42:47","date_gmt":"2019-07-09T15:42:47","guid":{"rendered":"http:\/\/atas.devsrvr.net\/prodotto\/repel-107-d\/"},"modified":"2022-07-28T15:55:20","modified_gmt":"2022-07-28T13:55:20","slug":"repel-107-d","status":"publish","type":"product","link":"https:\/\/www.atassrl.it\/de\/produkt\/repel-107-d\/","title":{"rendered":"REPEL 107 D"},"content":{"rendered":"<p class=\"p1\">Neue wasserabweisende, konzentrierte Rezeptur, geeignet fu\u0308r chemisches Trocknen in automatischen Waschanlagen. Schnell und hochwirksam, zerrei\u00dft sofort den Wasser- schleier, das herabie\u00dfende Wasser hinterl\u00e4sst den Lack trocken und hochgl\u00e4nzend. Wirksam auch bei hartem oder recyceltem Wasser. Gefriert nicht, fettet nicht, hinterl\u00e4sst keine Flecken und verschmutzt nicht die Bu\u0308rsten und den Anwendungsbereich.<\/p>\n","protected":false},"excerpt":{"rendered":"<p class=\"p1\">WASSERABWEISENDEN WACHS<\/p>\n","protected":false},"featured_media":4148,"template":"","meta":{"_acf_changed":false,"_seopress_robots_primary_cat":"","_seopress_titles_title":"","_seopress_titles_desc":"","_seopress_robots_index":"","_seopress_analysis_target_kw":""},"product_brand":[],"product_cat":[274,396],"product_tag":[],"class_list":{"0":"post-4353","1":"product","2":"type-product","3":"status-publish","4":"has-post-thumbnail","6":"product_cat-linea-atasdet-de","7":"product_cat-wachse-und-vorwachse","9":"first","10":"instock","11":"shipping-taxable","12":"product-type-variable"},"acf":[],"_links":{"self":[{"href":"https:\/\/www.atassrl.it\/de\/wp-json\/wp\/v2\/product\/4353","targetHints":{"allow":["GET"]}}],"collection":[{"href":"https:\/\/www.atassrl.it\/de\/wp-json\/wp\/v2\/product"}],"about":[{"href":"https:\/\/www.atassrl.it\/de\/wp-json\/wp\/v2\/types\/product"}],"wp:featuredmedia":[{"embeddable":true,"href":"https:\/\/www.atassrl.it\/de\/wp-json\/wp\/v2\/media\/4148"}],"wp:attachment":[{"href":"https:\/\/www.atassrl.it\/de\/wp-json\/wp\/v2\/media?parent=4353"}],"wp:term":[{"taxonomy":"product_brand","embeddable":true,"href":"https:\/\/www.atassrl.it\/de\/wp-json\/wp\/v2\/product_brand?post=4353"},{"taxonomy":"product_cat","embeddable":true,"href":"https:\/\/www.atassrl.it\/de\/wp-json\/wp\/v2\/product_cat?post=4353"},{"taxonomy":"product_tag","embeddable":true,"href":"https:\/\/www.atassrl.it\/de\/wp-json\/wp\/v2\/product_tag?post=4353"}],"curies":[{"name":"wp","href":"https:\/\/api.w.org\/{rel}","templated":true}]}}