{"id":4356,"date":"2019-07-09T17:45:30","date_gmt":"2019-07-09T15:45:30","guid":{"rendered":"http:\/\/atas.devsrvr.net\/prodotto\/repel-123-s\/"},"modified":"2022-07-28T15:58:27","modified_gmt":"2022-07-28T13:58:27","slug":"repel-123-s","status":"publish","type":"product","link":"https:\/\/www.atassrl.it\/de\/produkt\/repel-123-s\/","title":{"rendered":"REPEL 123 S"},"content":{"rendered":"<div><span lang=\"DE\">Hochkonzentriertes Produkt, geeignet f\u00fcr schnelle Autow\u00e4schen. Seine ausgepr\u00e4gte \u00f6lhaltige Natur beg\u00fcnstigt das Brechen des Wasserschleiers und garantiert ein trockenes und brillantes Endergebnis. Der d\u00fcnne Film, der auf dem Lack verbleibt, sch\u00fctzt ihn vor Oxidation und erleichtert nachfolgende W\u00e4schen. Es friert nicht, fettet nicht und verschmutzt nicht. Auch in der duftenden Version \u201ePRF\u201c erh\u00e4ltlich.<\/span><\/div>\n","protected":false},"excerpt":{"rendered":"<p class=\"p1\">WASSERABWEISENDES SUPER-WACHS<\/p>\n","protected":false},"featured_media":4149,"template":"","meta":{"_acf_changed":false,"_seopress_robots_primary_cat":"","_seopress_titles_title":"","_seopress_titles_desc":"","_seopress_robots_index":"","_seopress_analysis_target_kw":""},"product_brand":[],"product_cat":[274,396],"product_tag":[],"class_list":{"0":"post-4356","1":"product","2":"type-product","3":"status-publish","4":"has-post-thumbnail","6":"product_cat-linea-atasdet-de","7":"product_cat-wachse-und-vorwachse","9":"first","10":"instock","11":"shipping-taxable","12":"product-type-variable"},"acf":[],"_links":{"self":[{"href":"https:\/\/www.atassrl.it\/de\/wp-json\/wp\/v2\/product\/4356","targetHints":{"allow":["GET"]}}],"collection":[{"href":"https:\/\/www.atassrl.it\/de\/wp-json\/wp\/v2\/product"}],"about":[{"href":"https:\/\/www.atassrl.it\/de\/wp-json\/wp\/v2\/types\/product"}],"wp:featuredmedia":[{"embeddable":true,"href":"https:\/\/www.atassrl.it\/de\/wp-json\/wp\/v2\/media\/4149"}],"wp:attachment":[{"href":"https:\/\/www.atassrl.it\/de\/wp-json\/wp\/v2\/media?parent=4356"}],"wp:term":[{"taxonomy":"product_brand","embeddable":true,"href":"https:\/\/www.atassrl.it\/de\/wp-json\/wp\/v2\/product_brand?post=4356"},{"taxonomy":"product_cat","embeddable":true,"href":"https:\/\/www.atassrl.it\/de\/wp-json\/wp\/v2\/product_cat?post=4356"},{"taxonomy":"product_tag","embeddable":true,"href":"https:\/\/www.atassrl.it\/de\/wp-json\/wp\/v2\/product_tag?post=4356"}],"curies":[{"name":"wp","href":"https:\/\/api.w.org\/{rel}","templated":true}]}}