{"id":4359,"date":"2019-07-09T17:48:42","date_gmt":"2019-07-09T15:48:42","guid":{"rendered":"http:\/\/atas.devsrvr.net\/prodotto\/idrolak-64b\/"},"modified":"2022-07-28T16:07:06","modified_gmt":"2022-07-28T14:07:06","slug":"idrolak-64b","status":"publish","type":"product","link":"https:\/\/www.atassrl.it\/de\/produkt\/idrolak-64b\/","title":{"rendered":"IDROLAK 64B"},"content":{"rendered":"<p style=\"font-weight: 400;\">Dieses Produkt hat einen hohen Gehalt an wasserabweisenden Substanzen, die eine sehr schnelle Wasserableitung auf der Karosserie und eine \u00fcberraschende Gleitf\u00e4higkeit gew\u00e4hrleisten, die den Lack trocken und gl\u00e4nzend macht. Es hinterl\u00e4sst keine R\u00fcckst\u00e4nde und verschmutzt nicht. Auch in der g\u00fcnstigeren Version IDROLAK B2 erh\u00e4ltlich.<\/p>\n","protected":false},"excerpt":{"rendered":"<div><span lang=\"DE\">CERA DEPERLANTE<\/span><\/div>\n","protected":false},"featured_media":4088,"template":"","meta":{"_acf_changed":false,"_seopress_robots_primary_cat":"","_seopress_titles_title":"","_seopress_titles_desc":"","_seopress_robots_index":"","_seopress_analysis_target_kw":""},"product_brand":[],"product_cat":[274,396],"product_tag":[],"class_list":{"0":"post-4359","1":"product","2":"type-product","3":"status-publish","4":"has-post-thumbnail","6":"product_cat-linea-atasdet-de","7":"product_cat-wachse-und-vorwachse","9":"first","10":"instock","11":"shipping-taxable","12":"product-type-variable"},"acf":[],"_links":{"self":[{"href":"https:\/\/www.atassrl.it\/de\/wp-json\/wp\/v2\/product\/4359","targetHints":{"allow":["GET"]}}],"collection":[{"href":"https:\/\/www.atassrl.it\/de\/wp-json\/wp\/v2\/product"}],"about":[{"href":"https:\/\/www.atassrl.it\/de\/wp-json\/wp\/v2\/types\/product"}],"wp:featuredmedia":[{"embeddable":true,"href":"https:\/\/www.atassrl.it\/de\/wp-json\/wp\/v2\/media\/4088"}],"wp:attachment":[{"href":"https:\/\/www.atassrl.it\/de\/wp-json\/wp\/v2\/media?parent=4359"}],"wp:term":[{"taxonomy":"product_brand","embeddable":true,"href":"https:\/\/www.atassrl.it\/de\/wp-json\/wp\/v2\/product_brand?post=4359"},{"taxonomy":"product_cat","embeddable":true,"href":"https:\/\/www.atassrl.it\/de\/wp-json\/wp\/v2\/product_cat?post=4359"},{"taxonomy":"product_tag","embeddable":true,"href":"https:\/\/www.atassrl.it\/de\/wp-json\/wp\/v2\/product_tag?post=4359"}],"curies":[{"name":"wp","href":"https:\/\/api.w.org\/{rel}","templated":true}]}}