{"id":4363,"date":"2019-07-09T17:51:01","date_gmt":"2019-07-09T15:51:01","guid":{"rendered":"http:\/\/atas.devsrvr.net\/prodotto\/idrolak-93a\/"},"modified":"2022-07-28T16:11:25","modified_gmt":"2022-07-28T14:11:25","slug":"idrolak-93a","status":"publish","type":"product","link":"https:\/\/www.atassrl.it\/de\/produkt\/idrolak-93a\/","title":{"rendered":"IDROLAK 93A"},"content":{"rendered":"<p style=\"font-weight: 400;\">Mit einem hohen Wirkstoffgehalt ist dieses Produkt bei jeder Pflanze wirksam. Es bewirkt ein sofortiges Aufrei\u00dfen des Wasserfilms und macht die Lacke durch seine hohe Gleitf\u00e4higkeit trocken und gl\u00e4nzend. Es hinterl\u00e4sst keine R\u00fcckst\u00e4nde und verschmutzt B\u00fcrsten und Einsatzbereiche nicht.<\/p>\n","protected":false},"excerpt":{"rendered":"<div><span lang=\"DE\">KONZENTRIERTES SELBSTROCKNENDES WACHS<\/span><\/div>\n","protected":false},"featured_media":4089,"template":"","meta":{"_acf_changed":false,"_seopress_robots_primary_cat":"","_seopress_titles_title":"","_seopress_titles_desc":"","_seopress_robots_index":"","_seopress_analysis_target_kw":""},"product_brand":[],"product_cat":[274,396],"product_tag":[],"class_list":{"0":"post-4363","1":"product","2":"type-product","3":"status-publish","4":"has-post-thumbnail","6":"product_cat-linea-atasdet-de","7":"product_cat-wachse-und-vorwachse","9":"first","10":"instock","11":"shipping-taxable","12":"product-type-variable"},"acf":[],"_links":{"self":[{"href":"https:\/\/www.atassrl.it\/de\/wp-json\/wp\/v2\/product\/4363","targetHints":{"allow":["GET"]}}],"collection":[{"href":"https:\/\/www.atassrl.it\/de\/wp-json\/wp\/v2\/product"}],"about":[{"href":"https:\/\/www.atassrl.it\/de\/wp-json\/wp\/v2\/types\/product"}],"wp:featuredmedia":[{"embeddable":true,"href":"https:\/\/www.atassrl.it\/de\/wp-json\/wp\/v2\/media\/4089"}],"wp:attachment":[{"href":"https:\/\/www.atassrl.it\/de\/wp-json\/wp\/v2\/media?parent=4363"}],"wp:term":[{"taxonomy":"product_brand","embeddable":true,"href":"https:\/\/www.atassrl.it\/de\/wp-json\/wp\/v2\/product_brand?post=4363"},{"taxonomy":"product_cat","embeddable":true,"href":"https:\/\/www.atassrl.it\/de\/wp-json\/wp\/v2\/product_cat?post=4363"},{"taxonomy":"product_tag","embeddable":true,"href":"https:\/\/www.atassrl.it\/de\/wp-json\/wp\/v2\/product_tag?post=4363"}],"curies":[{"name":"wp","href":"https:\/\/api.w.org\/{rel}","templated":true}]}}