{"id":4369,"date":"2019-07-09T17:55:40","date_gmt":"2019-07-09T15:55:40","guid":{"rendered":"http:\/\/atas.devsrvr.net\/prodotto\/drycom\/"},"modified":"2022-07-28T16:59:46","modified_gmt":"2022-07-28T14:59:46","slug":"drycom","status":"publish","type":"product","link":"https:\/\/www.atassrl.it\/de\/produkt\/drycom\/","title":{"rendered":"DRYCOM"},"content":{"rendered":"<div><span lang=\"DE\">Speziell f\u00fcr die Trocknungsphase in Waschanlagen entwickelt, bewirkt es durch seine kationischen Eigenschaften eine Spaltung des Wasserfilms. Der Lack bleibt trocken, gl\u00e4nzend und gesch\u00fctzt dank eines wasserabweisenden Films, der nicht nur die Karosserie sch\u00fctzt, sondern auch nachfolgende W\u00e4schen beg\u00fcnstigt<\/span><\/div>\n","protected":false},"excerpt":{"rendered":"<p class=\"p1\">SELBSTTROCKNENDES WACHS<\/p>\n","protected":false},"featured_media":4056,"template":"","meta":{"_acf_changed":false,"_seopress_robots_primary_cat":"","_seopress_titles_title":"","_seopress_titles_desc":"","_seopress_robots_index":"","_seopress_analysis_target_kw":""},"product_brand":[],"product_cat":[274,396],"product_tag":[],"class_list":{"0":"post-4369","1":"product","2":"type-product","3":"status-publish","4":"has-post-thumbnail","6":"product_cat-linea-atasdet-de","7":"product_cat-wachse-und-vorwachse","9":"first","10":"instock","11":"shipping-taxable","12":"product-type-variable"},"acf":[],"_links":{"self":[{"href":"https:\/\/www.atassrl.it\/de\/wp-json\/wp\/v2\/product\/4369","targetHints":{"allow":["GET"]}}],"collection":[{"href":"https:\/\/www.atassrl.it\/de\/wp-json\/wp\/v2\/product"}],"about":[{"href":"https:\/\/www.atassrl.it\/de\/wp-json\/wp\/v2\/types\/product"}],"wp:featuredmedia":[{"embeddable":true,"href":"https:\/\/www.atassrl.it\/de\/wp-json\/wp\/v2\/media\/4056"}],"wp:attachment":[{"href":"https:\/\/www.atassrl.it\/de\/wp-json\/wp\/v2\/media?parent=4369"}],"wp:term":[{"taxonomy":"product_brand","embeddable":true,"href":"https:\/\/www.atassrl.it\/de\/wp-json\/wp\/v2\/product_brand?post=4369"},{"taxonomy":"product_cat","embeddable":true,"href":"https:\/\/www.atassrl.it\/de\/wp-json\/wp\/v2\/product_cat?post=4369"},{"taxonomy":"product_tag","embeddable":true,"href":"https:\/\/www.atassrl.it\/de\/wp-json\/wp\/v2\/product_tag?post=4369"}],"curies":[{"name":"wp","href":"https:\/\/api.w.org\/{rel}","templated":true}]}}