{"id":4372,"date":"2019-07-09T17:57:54","date_gmt":"2019-07-09T15:57:54","guid":{"rendered":"http:\/\/atas.devsrvr.net\/prodotto\/polishec\/"},"modified":"2022-07-28T17:03:54","modified_gmt":"2022-07-28T15:03:54","slug":"polishec","status":"publish","type":"product","link":"https:\/\/www.atassrl.it\/de\/produkt\/polishec\/","title":{"rendered":"POLISHEC"},"content":{"rendered":"<p style=\"font-weight: 400;\">Hochwertiges Silikonwachs, das wir seit Jahren herstellen. Es ist sehr glatt und garantiert \u00fcberraschende Ergebnisse auch bei niedrigen Dosierungen, indem es die Lacke poliert und sie im Laufe der Zeit vor Oxidation und Witterungseinfl\u00fcssen sch\u00fctzt. Nicht fettend, nicht schmutzig und hinterl\u00e4sst keine wei\u00dfen Flecken.<\/p>\n","protected":false},"excerpt":{"rendered":"<div><span lang=\"DE\">WASSERABWEISENDES WACHS F\u00dcR TUNNELPFLANZEN<\/span><\/div>\n","protected":false},"featured_media":4140,"template":"","meta":{"_acf_changed":false,"_seopress_robots_primary_cat":"","_seopress_titles_title":"","_seopress_titles_desc":"","_seopress_robots_index":"","_seopress_analysis_target_kw":""},"product_brand":[],"product_cat":[274,396],"product_tag":[],"class_list":{"0":"post-4372","1":"product","2":"type-product","3":"status-publish","4":"has-post-thumbnail","6":"product_cat-linea-atasdet-de","7":"product_cat-wachse-und-vorwachse","9":"first","10":"instock","11":"shipping-taxable","12":"product-type-variable"},"acf":[],"_links":{"self":[{"href":"https:\/\/www.atassrl.it\/de\/wp-json\/wp\/v2\/product\/4372","targetHints":{"allow":["GET"]}}],"collection":[{"href":"https:\/\/www.atassrl.it\/de\/wp-json\/wp\/v2\/product"}],"about":[{"href":"https:\/\/www.atassrl.it\/de\/wp-json\/wp\/v2\/types\/product"}],"wp:featuredmedia":[{"embeddable":true,"href":"https:\/\/www.atassrl.it\/de\/wp-json\/wp\/v2\/media\/4140"}],"wp:attachment":[{"href":"https:\/\/www.atassrl.it\/de\/wp-json\/wp\/v2\/media?parent=4372"}],"wp:term":[{"taxonomy":"product_brand","embeddable":true,"href":"https:\/\/www.atassrl.it\/de\/wp-json\/wp\/v2\/product_brand?post=4372"},{"taxonomy":"product_cat","embeddable":true,"href":"https:\/\/www.atassrl.it\/de\/wp-json\/wp\/v2\/product_cat?post=4372"},{"taxonomy":"product_tag","embeddable":true,"href":"https:\/\/www.atassrl.it\/de\/wp-json\/wp\/v2\/product_tag?post=4372"}],"curies":[{"name":"wp","href":"https:\/\/api.w.org\/{rel}","templated":true}]}}