{"id":4375,"date":"2019-07-09T18:00:06","date_gmt":"2019-07-09T16:00:06","guid":{"rendered":"http:\/\/atas.devsrvr.net\/prodotto\/uniwax\/"},"modified":"2022-07-29T09:25:41","modified_gmt":"2022-07-29T07:25:41","slug":"uniwax","status":"publish","type":"product","link":"https:\/\/www.atassrl.it\/de\/produkt\/uniwax\/","title":{"rendered":"UNIWAX"},"content":{"rendered":"<p style=\"font-weight: 400;\">Spezielle polymer-kationische Formulierung, die eine perfekte und schnelle Trocknung des Autos gew\u00e4hrleistet. Es kann in Tunnel- und SB-Waschanlagen verwendet werden und bietet eine hohe Leistung, die ultrahelle Ergebnisse und eine tiefe Farbintensit\u00e4t gew\u00e4hrleistet. Es kann sowohl mit hartem als auch mit osmotischem Wasser verwendet werden; Es hinterl\u00e4sst keine Lichth\u00f6fe oder wei\u00dfen Flecken und verschmutzt die B\u00fcrsten nicht. Produkt frei von Mineral\u00f6len, aliphatischen und aromatischen L\u00f6sungsmitteln. Es enth\u00e4lt einen hohen Anteil an nat\u00fcrlich gewonnenen Substanzen, die ihm ein hervorragendes Umweltprofil verleihen.<\/p>\n","protected":false},"excerpt":{"rendered":"<div><span lang=\"DE\">KONZENTRIERTES SELBSTROCKNENDES POLIERMITTEL<\/span><\/div>\n","protected":false},"featured_media":9501,"template":"","meta":{"_acf_changed":false,"_seopress_robots_primary_cat":"","_seopress_titles_title":"","_seopress_titles_desc":"","_seopress_robots_index":"","_seopress_analysis_target_kw":""},"product_brand":[],"product_cat":[274,396],"product_tag":[],"class_list":{"0":"post-4375","1":"product","2":"type-product","3":"status-publish","4":"has-post-thumbnail","6":"product_cat-linea-atasdet-de","7":"product_cat-wachse-und-vorwachse","9":"first","10":"instock","11":"shipping-taxable","12":"product-type-variable"},"acf":[],"_links":{"self":[{"href":"https:\/\/www.atassrl.it\/de\/wp-json\/wp\/v2\/product\/4375","targetHints":{"allow":["GET"]}}],"collection":[{"href":"https:\/\/www.atassrl.it\/de\/wp-json\/wp\/v2\/product"}],"about":[{"href":"https:\/\/www.atassrl.it\/de\/wp-json\/wp\/v2\/types\/product"}],"wp:featuredmedia":[{"embeddable":true,"href":"https:\/\/www.atassrl.it\/de\/wp-json\/wp\/v2\/media\/9501"}],"wp:attachment":[{"href":"https:\/\/www.atassrl.it\/de\/wp-json\/wp\/v2\/media?parent=4375"}],"wp:term":[{"taxonomy":"product_brand","embeddable":true,"href":"https:\/\/www.atassrl.it\/de\/wp-json\/wp\/v2\/product_brand?post=4375"},{"taxonomy":"product_cat","embeddable":true,"href":"https:\/\/www.atassrl.it\/de\/wp-json\/wp\/v2\/product_cat?post=4375"},{"taxonomy":"product_tag","embeddable":true,"href":"https:\/\/www.atassrl.it\/de\/wp-json\/wp\/v2\/product_tag?post=4375"}],"curies":[{"name":"wp","href":"https:\/\/api.w.org\/{rel}","templated":true}]}}