{"id":4381,"date":"2019-07-11T15:00:58","date_gmt":"2019-07-11T13:00:58","guid":{"rendered":"http:\/\/atas.devsrvr.net\/prodotto\/millebolle\/"},"modified":"2022-08-01T17:31:00","modified_gmt":"2022-08-01T15:31:00","slug":"millebolle","status":"publish","type":"product","link":"https:\/\/www.atassrl.it\/de\/produkt\/millebolle\/","title":{"rendered":"MILLEBOLLE"},"content":{"rendered":"<p style=\"font-weight: 400;\">Mischung aus Tensiden mit hoher Schaumkraft bei schlechter Waschwirkung. Der reichlich entwickelte Schaum ist jedoch in der Lage, den Restschmutz aufzuweichen und die Endreinigung mit den B\u00fcrsten zu erleichtern. Leichtes Produkt, das sich leicht absp\u00fclen l\u00e4sst, keine R\u00fcckst\u00e4nde hinterl\u00e4sst und dem Auto einen hervorragenden Glanz verleiht.<\/p>\n","protected":false},"excerpt":{"rendered":"<div><span lang=\"DE\">DUFTIERTER POLIERSCHAUM<\/span><\/div>\n","protected":false},"featured_media":4117,"template":"","meta":{"_acf_changed":false,"_seopress_robots_primary_cat":"","_seopress_titles_title":"","_seopress_titles_desc":"","_seopress_robots_index":"","_seopress_analysis_target_kw":""},"product_brand":[],"product_cat":[274,389],"product_tag":[],"class_list":{"0":"post-4381","1":"product","2":"type-product","3":"status-publish","4":"has-post-thumbnail","6":"product_cat-linea-atasdet-de","7":"product_cat-linie-red-grundzyklus","9":"first","10":"instock","11":"shipping-taxable","12":"product-type-variable"},"acf":[],"_links":{"self":[{"href":"https:\/\/www.atassrl.it\/de\/wp-json\/wp\/v2\/product\/4381","targetHints":{"allow":["GET"]}}],"collection":[{"href":"https:\/\/www.atassrl.it\/de\/wp-json\/wp\/v2\/product"}],"about":[{"href":"https:\/\/www.atassrl.it\/de\/wp-json\/wp\/v2\/types\/product"}],"wp:featuredmedia":[{"embeddable":true,"href":"https:\/\/www.atassrl.it\/de\/wp-json\/wp\/v2\/media\/4117"}],"wp:attachment":[{"href":"https:\/\/www.atassrl.it\/de\/wp-json\/wp\/v2\/media?parent=4381"}],"wp:term":[{"taxonomy":"product_brand","embeddable":true,"href":"https:\/\/www.atassrl.it\/de\/wp-json\/wp\/v2\/product_brand?post=4381"},{"taxonomy":"product_cat","embeddable":true,"href":"https:\/\/www.atassrl.it\/de\/wp-json\/wp\/v2\/product_cat?post=4381"},{"taxonomy":"product_tag","embeddable":true,"href":"https:\/\/www.atassrl.it\/de\/wp-json\/wp\/v2\/product_tag?post=4381"}],"curies":[{"name":"wp","href":"https:\/\/api.w.org\/{rel}","templated":true}]}}