{"id":4384,"date":"2019-07-11T15:03:05","date_gmt":"2019-07-11T13:03:05","guid":{"rendered":"http:\/\/atas.devsrvr.net\/prodotto\/autodry\/"},"modified":"2022-08-01T17:33:19","modified_gmt":"2022-08-01T15:33:19","slug":"autodry","status":"publish","type":"product","link":"https:\/\/www.atassrl.it\/de\/produkt\/autodry\/","title":{"rendered":"AUTODRY"},"content":{"rendered":"<p style=\"font-weight: 400;\">Angenehm parf\u00fcmiert, beg\u00fcnstigt es die Trocknung des Autos und sorgt f\u00fcr einen au\u00dfergew\u00f6hnlichen Glanz. Vor dem Wachs auf Portale oder Tunnel auftragen. Bei manueller Verwendung muss ein Niederdruckwasserdurchgang hergestellt werden. Die wenigen Tropfen, die eventuell zur\u00fcckbleiben, lassen sich leicht mit Leder oder Tuch entfernen.<\/p>\n","protected":false},"excerpt":{"rendered":"<div><span lang=\"DE\">POLIERVORWACHS<\/span><\/div>\n","protected":false},"featured_media":4099,"template":"","meta":{"_acf_changed":false,"_seopress_robots_primary_cat":"","_seopress_titles_title":"","_seopress_titles_desc":"","_seopress_robots_index":"","_seopress_analysis_target_kw":""},"product_brand":[],"product_cat":[274,389],"product_tag":[],"class_list":{"0":"post-4384","1":"product","2":"type-product","3":"status-publish","4":"has-post-thumbnail","6":"product_cat-linea-atasdet-de","7":"product_cat-linie-red-grundzyklus","9":"first","10":"instock","11":"shipping-taxable","12":"product-type-variable"},"acf":[],"_links":{"self":[{"href":"https:\/\/www.atassrl.it\/de\/wp-json\/wp\/v2\/product\/4384","targetHints":{"allow":["GET"]}}],"collection":[{"href":"https:\/\/www.atassrl.it\/de\/wp-json\/wp\/v2\/product"}],"about":[{"href":"https:\/\/www.atassrl.it\/de\/wp-json\/wp\/v2\/types\/product"}],"wp:featuredmedia":[{"embeddable":true,"href":"https:\/\/www.atassrl.it\/de\/wp-json\/wp\/v2\/media\/4099"}],"wp:attachment":[{"href":"https:\/\/www.atassrl.it\/de\/wp-json\/wp\/v2\/media?parent=4384"}],"wp:term":[{"taxonomy":"product_brand","embeddable":true,"href":"https:\/\/www.atassrl.it\/de\/wp-json\/wp\/v2\/product_brand?post=4384"},{"taxonomy":"product_cat","embeddable":true,"href":"https:\/\/www.atassrl.it\/de\/wp-json\/wp\/v2\/product_cat?post=4384"},{"taxonomy":"product_tag","embeddable":true,"href":"https:\/\/www.atassrl.it\/de\/wp-json\/wp\/v2\/product_tag?post=4384"}],"curies":[{"name":"wp","href":"https:\/\/api.w.org\/{rel}","templated":true}]}}