{"id":4387,"date":"2019-07-11T15:05:22","date_gmt":"2019-07-11T13:05:22","guid":{"rendered":"http:\/\/atas.devsrvr.net\/prodotto\/cerolux\/"},"modified":"2022-08-01T17:37:03","modified_gmt":"2022-08-01T15:37:03","slug":"cerolux","status":"publish","type":"product","link":"https:\/\/www.atassrl.it\/de\/produkt\/cerolux\/","title":{"rendered":"CEROLUX"},"content":{"rendered":"<p style=\"font-weight: 400;\">Hochkonzentrierte stabilisierte kationische Emulsion, speziell f\u00fcr die chemische Trocknung in Hochgeschwindigkeits-Tunnelwaschanlagen. Die enthaltenen speziellen quaternierten Substanzen bewirken ein sofortiges Aufrei\u00dfen des Wasserschleiers, der sich in gro\u00dfe, gut flie\u00dff\u00e4hige Tropfen verwandelt. In Verbindung mit dem Vorwachs \u201eAutodry\u201c sorgt es f\u00fcr \u00fcberraschende Glanzergebnisse und ein perfekt trockenes Auto. Es kann zu jeder Jahreszeit verwendet werden, fettet nicht und hinterl\u00e4sst keine R\u00fcckst\u00e4nde.<\/p>\n","protected":false},"excerpt":{"rendered":"<div><span lang=\"DE\">KONZENTRIERTES POLIERWACHS<\/span><\/div>\n","protected":false},"featured_media":4101,"template":"","meta":{"_acf_changed":false,"_seopress_robots_primary_cat":"","_seopress_titles_title":"","_seopress_titles_desc":"","_seopress_robots_index":"","_seopress_analysis_target_kw":""},"product_brand":[],"product_cat":[274,389],"product_tag":[],"class_list":{"0":"post-4387","1":"product","2":"type-product","3":"status-publish","4":"has-post-thumbnail","6":"product_cat-linea-atasdet-de","7":"product_cat-linie-red-grundzyklus","9":"first","10":"instock","11":"shipping-taxable","12":"product-type-variable"},"acf":[],"_links":{"self":[{"href":"https:\/\/www.atassrl.it\/de\/wp-json\/wp\/v2\/product\/4387","targetHints":{"allow":["GET"]}}],"collection":[{"href":"https:\/\/www.atassrl.it\/de\/wp-json\/wp\/v2\/product"}],"about":[{"href":"https:\/\/www.atassrl.it\/de\/wp-json\/wp\/v2\/types\/product"}],"wp:featuredmedia":[{"embeddable":true,"href":"https:\/\/www.atassrl.it\/de\/wp-json\/wp\/v2\/media\/4101"}],"wp:attachment":[{"href":"https:\/\/www.atassrl.it\/de\/wp-json\/wp\/v2\/media?parent=4387"}],"wp:term":[{"taxonomy":"product_brand","embeddable":true,"href":"https:\/\/www.atassrl.it\/de\/wp-json\/wp\/v2\/product_brand?post=4387"},{"taxonomy":"product_cat","embeddable":true,"href":"https:\/\/www.atassrl.it\/de\/wp-json\/wp\/v2\/product_cat?post=4387"},{"taxonomy":"product_tag","embeddable":true,"href":"https:\/\/www.atassrl.it\/de\/wp-json\/wp\/v2\/product_tag?post=4387"}],"curies":[{"name":"wp","href":"https:\/\/api.w.org\/{rel}","templated":true}]}}