{"id":4390,"date":"2019-07-11T15:08:54","date_gmt":"2019-07-11T13:08:54","guid":{"rendered":"http:\/\/atas.devsrvr.net\/prodotto\/delmax\/"},"modified":"2022-08-01T17:45:48","modified_gmt":"2022-08-01T15:45:48","slug":"delmax","status":"publish","type":"product","link":"https:\/\/www.atassrl.it\/de\/produkt\/delmax\/","title":{"rendered":"DELMAX"},"content":{"rendered":"<p style=\"font-weight: 400;\">Hochwirksamer basischer Aktivschaum mit Poliereffekt. In der Sommersaison wird empfohlen, auf gek\u00fchlten Fl\u00e4chen zu arbeiten. Vermeiden Sie bei geringen Verd\u00fcnnungen den Kontakt mit Aluminium und seinen Legierungen. Geeignet f\u00fcr die Autow\u00e4sche. Nicht auf Motorr\u00e4dern und Rollern verwenden.<\/p>\n","protected":false},"excerpt":{"rendered":"<div><span lang=\"DE\">POLIEREN VORW\u00c4SCHE<\/span><\/div>\n","protected":false},"featured_media":4105,"template":"","meta":{"_acf_changed":false,"_seopress_robots_primary_cat":"","_seopress_titles_title":"","_seopress_titles_desc":"","_seopress_robots_index":"","_seopress_analysis_target_kw":""},"product_brand":[],"product_cat":[274,385],"product_tag":[],"class_list":{"0":"post-4390","1":"product","2":"type-product","3":"status-publish","4":"has-post-thumbnail","6":"product_cat-linea-atasdet-de","7":"product_cat-linie-red-alternativer-zyklus","9":"first","10":"instock","11":"shipping-taxable","12":"product-type-variable"},"acf":[],"_links":{"self":[{"href":"https:\/\/www.atassrl.it\/de\/wp-json\/wp\/v2\/product\/4390","targetHints":{"allow":["GET"]}}],"collection":[{"href":"https:\/\/www.atassrl.it\/de\/wp-json\/wp\/v2\/product"}],"about":[{"href":"https:\/\/www.atassrl.it\/de\/wp-json\/wp\/v2\/types\/product"}],"wp:featuredmedia":[{"embeddable":true,"href":"https:\/\/www.atassrl.it\/de\/wp-json\/wp\/v2\/media\/4105"}],"wp:attachment":[{"href":"https:\/\/www.atassrl.it\/de\/wp-json\/wp\/v2\/media?parent=4390"}],"wp:term":[{"taxonomy":"product_brand","embeddable":true,"href":"https:\/\/www.atassrl.it\/de\/wp-json\/wp\/v2\/product_brand?post=4390"},{"taxonomy":"product_cat","embeddable":true,"href":"https:\/\/www.atassrl.it\/de\/wp-json\/wp\/v2\/product_cat?post=4390"},{"taxonomy":"product_tag","embeddable":true,"href":"https:\/\/www.atassrl.it\/de\/wp-json\/wp\/v2\/product_tag?post=4390"}],"curies":[{"name":"wp","href":"https:\/\/api.w.org\/{rel}","templated":true}]}}