{"id":4393,"date":"2019-07-11T15:11:19","date_gmt":"2019-07-11T13:11:19","guid":{"rendered":"http:\/\/atas.devsrvr.net\/prodotto\/foam-bit\/"},"modified":"2022-08-01T17:47:33","modified_gmt":"2022-08-01T15:47:33","slug":"foam-bit","status":"publish","type":"product","link":"https:\/\/www.atassrl.it\/de\/produkt\/foam-bit\/","title":{"rendered":"FOAM BIT"},"content":{"rendered":"<p style=\"font-weight: 400;\">Aktiver Reinigungsschaum mit hoher Schaumkraft, der die Reinigungswirkung der B\u00fcrsten erleichtert. Leicht aussp\u00fclbar, hinterl\u00e4sst keine R\u00fcckst\u00e4nde und f\u00f6rdert die Trocknungsphase. Angenehm duftend.<\/p>\n","protected":false},"excerpt":{"rendered":"<div><span lang=\"DE\">DUFTENDES POLIERMITTEL MIT AKTIVEM SCHAUM<\/span><\/div>\n","protected":false},"featured_media":4107,"template":"","meta":{"_acf_changed":false,"_seopress_robots_primary_cat":"","_seopress_titles_title":"","_seopress_titles_desc":"","_seopress_robots_index":"","_seopress_analysis_target_kw":""},"product_brand":[],"product_cat":[274,385],"product_tag":[],"class_list":{"0":"post-4393","1":"product","2":"type-product","3":"status-publish","4":"has-post-thumbnail","6":"product_cat-linea-atasdet-de","7":"product_cat-linie-red-alternativer-zyklus","9":"first","10":"instock","11":"shipping-taxable","12":"product-type-variable"},"acf":[],"_links":{"self":[{"href":"https:\/\/www.atassrl.it\/de\/wp-json\/wp\/v2\/product\/4393","targetHints":{"allow":["GET"]}}],"collection":[{"href":"https:\/\/www.atassrl.it\/de\/wp-json\/wp\/v2\/product"}],"about":[{"href":"https:\/\/www.atassrl.it\/de\/wp-json\/wp\/v2\/types\/product"}],"wp:featuredmedia":[{"embeddable":true,"href":"https:\/\/www.atassrl.it\/de\/wp-json\/wp\/v2\/media\/4107"}],"wp:attachment":[{"href":"https:\/\/www.atassrl.it\/de\/wp-json\/wp\/v2\/media?parent=4393"}],"wp:term":[{"taxonomy":"product_brand","embeddable":true,"href":"https:\/\/www.atassrl.it\/de\/wp-json\/wp\/v2\/product_brand?post=4393"},{"taxonomy":"product_cat","embeddable":true,"href":"https:\/\/www.atassrl.it\/de\/wp-json\/wp\/v2\/product_cat?post=4393"},{"taxonomy":"product_tag","embeddable":true,"href":"https:\/\/www.atassrl.it\/de\/wp-json\/wp\/v2\/product_tag?post=4393"}],"curies":[{"name":"wp","href":"https:\/\/api.w.org\/{rel}","templated":true}]}}