{"id":4396,"date":"2019-07-11T15:13:35","date_gmt":"2019-07-11T13:13:35","guid":{"rendered":"http:\/\/atas.devsrvr.net\/prodotto\/drysec\/"},"modified":"2022-08-01T17:50:27","modified_gmt":"2022-08-01T15:50:27","slug":"drysec","status":"publish","type":"product","link":"https:\/\/www.atassrl.it\/de\/produkt\/drysec\/","title":{"rendered":"DRYSEC"},"content":{"rendered":"<p style=\"font-weight: 400;\">Klassisches Vorwachs mit saurem pH-Wert, das darauf abzielt, alle Alkalit\u00e4tsr\u00fcckst\u00e4nde zu beseitigen und die Wirksamkeit des Wachses zu f\u00f6rdern, wodurch seine Eigenschaften verbessert werden. Es hilft auch, die Mopps sauber zu halten.<\/p>\n","protected":false},"excerpt":{"rendered":"<div><span lang=\"DE\">POLIERVORWACHS<\/span><\/div>\n","protected":false},"featured_media":4106,"template":"","meta":{"_acf_changed":false,"_seopress_robots_primary_cat":"","_seopress_titles_title":"","_seopress_titles_desc":"","_seopress_robots_index":"","_seopress_analysis_target_kw":""},"product_brand":[],"product_cat":[274,385],"product_tag":[],"class_list":{"0":"post-4396","1":"product","2":"type-product","3":"status-publish","4":"has-post-thumbnail","6":"product_cat-linea-atasdet-de","7":"product_cat-linie-red-alternativer-zyklus","9":"first","10":"instock","11":"shipping-taxable","12":"product-type-variable"},"acf":[],"_links":{"self":[{"href":"https:\/\/www.atassrl.it\/de\/wp-json\/wp\/v2\/product\/4396","targetHints":{"allow":["GET"]}}],"collection":[{"href":"https:\/\/www.atassrl.it\/de\/wp-json\/wp\/v2\/product"}],"about":[{"href":"https:\/\/www.atassrl.it\/de\/wp-json\/wp\/v2\/types\/product"}],"wp:featuredmedia":[{"embeddable":true,"href":"https:\/\/www.atassrl.it\/de\/wp-json\/wp\/v2\/media\/4106"}],"wp:attachment":[{"href":"https:\/\/www.atassrl.it\/de\/wp-json\/wp\/v2\/media?parent=4396"}],"wp:term":[{"taxonomy":"product_brand","embeddable":true,"href":"https:\/\/www.atassrl.it\/de\/wp-json\/wp\/v2\/product_brand?post=4396"},{"taxonomy":"product_cat","embeddable":true,"href":"https:\/\/www.atassrl.it\/de\/wp-json\/wp\/v2\/product_cat?post=4396"},{"taxonomy":"product_tag","embeddable":true,"href":"https:\/\/www.atassrl.it\/de\/wp-json\/wp\/v2\/product_tag?post=4396"}],"curies":[{"name":"wp","href":"https:\/\/api.w.org\/{rel}","templated":true}]}}