{"id":4399,"date":"2019-07-11T15:15:39","date_gmt":"2019-07-11T13:15:39","guid":{"rendered":"http:\/\/atas.devsrvr.net\/prodotto\/emulsec\/"},"modified":"2022-08-01T17:51:42","modified_gmt":"2022-08-01T15:51:42","slug":"emulsec","status":"publish","type":"product","link":"https:\/\/www.atassrl.it\/de\/produkt\/emulsec\/","title":{"rendered":"EMULSEC"},"content":{"rendered":"<p style=\"font-weight: 400;\">Produkt auf Kationenbasis, das durch die besondere wasserabweisende Wirkung seiner Bestandteile den Wasserfilm auf der Karosserie sofort aufrei\u00dft. Die hohe Gleitf\u00e4higkeit sorgt f\u00fcr eine perfekte Trocknung und einen \u00fcberraschenden Glanz der Farbe. Es ist schmutz- und fettfrei und sorgt f\u00fcr hervorragende Ergebnisse mit jeder Art von Waschsystem.<\/p>\n","protected":false},"excerpt":{"rendered":"<div><span lang=\"DE\">SELBSTTROCKNENDES HYDRO-WACHS<\/span><\/div>\n","protected":false},"featured_media":7632,"template":"","meta":{"_acf_changed":false,"_seopress_robots_primary_cat":"","_seopress_titles_title":"","_seopress_titles_desc":"","_seopress_robots_index":"","_seopress_analysis_target_kw":""},"product_brand":[],"product_cat":[274,385],"product_tag":[],"class_list":{"0":"post-4399","1":"product","2":"type-product","3":"status-publish","4":"has-post-thumbnail","6":"product_cat-linea-atasdet-de","7":"product_cat-linie-red-alternativer-zyklus","9":"first","10":"instock","11":"shipping-taxable","12":"product-type-variable"},"acf":[],"_links":{"self":[{"href":"https:\/\/www.atassrl.it\/de\/wp-json\/wp\/v2\/product\/4399","targetHints":{"allow":["GET"]}}],"collection":[{"href":"https:\/\/www.atassrl.it\/de\/wp-json\/wp\/v2\/product"}],"about":[{"href":"https:\/\/www.atassrl.it\/de\/wp-json\/wp\/v2\/types\/product"}],"wp:featuredmedia":[{"embeddable":true,"href":"https:\/\/www.atassrl.it\/de\/wp-json\/wp\/v2\/media\/7632"}],"wp:attachment":[{"href":"https:\/\/www.atassrl.it\/de\/wp-json\/wp\/v2\/media?parent=4399"}],"wp:term":[{"taxonomy":"product_brand","embeddable":true,"href":"https:\/\/www.atassrl.it\/de\/wp-json\/wp\/v2\/product_brand?post=4399"},{"taxonomy":"product_cat","embeddable":true,"href":"https:\/\/www.atassrl.it\/de\/wp-json\/wp\/v2\/product_cat?post=4399"},{"taxonomy":"product_tag","embeddable":true,"href":"https:\/\/www.atassrl.it\/de\/wp-json\/wp\/v2\/product_tag?post=4399"}],"curies":[{"name":"wp","href":"https:\/\/api.w.org\/{rel}","templated":true}]}}