{"id":4402,"date":"2019-07-11T15:18:05","date_gmt":"2019-07-11T13:18:05","guid":{"rendered":"http:\/\/atas.devsrvr.net\/prodotto\/hydrorep-2\/"},"modified":"2022-08-01T17:43:40","modified_gmt":"2022-08-01T15:43:40","slug":"hydrorep-2","status":"publish","type":"product","link":"https:\/\/www.atassrl.it\/de\/produkt\/hydrorep-2\/","title":{"rendered":"HYDROREP"},"content":{"rendered":"<p style=\"font-weight: 400;\">Spezielle Formulierung mit dreifacher Wirkung zur Verwendung nach jeder Autow\u00e4sche. Es beschleunigt die Trocknungsphase und poliert gleichzeitig den Lack und sch\u00fctzt ihn vor Witterungseinfl\u00fcssen. F\u00fcr alle Lackarten geeignet, kann als Politur auf sauberen und trockenen Karosserien verwendet werden. Schnell, effektiv und langlebig, es ist eine echte Garantie f\u00fcr die Autopflege.<\/p>\n","protected":false},"excerpt":{"rendered":"<div><span lang=\"DE\">ENTLEERUNGS- UND POLIERMITTEL<\/span><\/div>\n","protected":false},"featured_media":4087,"template":"","meta":{"_acf_changed":false,"_seopress_robots_primary_cat":"","_seopress_titles_title":"","_seopress_titles_desc":"","_seopress_robots_index":"","_seopress_analysis_target_kw":""},"product_brand":[],"product_cat":[825,274,819],"product_tag":[],"class_list":{"0":"post-4402","1":"product","2":"type-product","3":"status-publish","4":"has-post-thumbnail","6":"product_cat-externe-polituren","7":"product_cat-linea-atasdet-de","8":"product_cat-polieren","10":"first","11":"instock","12":"shipping-taxable","13":"product-type-variable"},"acf":[],"_links":{"self":[{"href":"https:\/\/www.atassrl.it\/de\/wp-json\/wp\/v2\/product\/4402","targetHints":{"allow":["GET"]}}],"collection":[{"href":"https:\/\/www.atassrl.it\/de\/wp-json\/wp\/v2\/product"}],"about":[{"href":"https:\/\/www.atassrl.it\/de\/wp-json\/wp\/v2\/types\/product"}],"wp:featuredmedia":[{"embeddable":true,"href":"https:\/\/www.atassrl.it\/de\/wp-json\/wp\/v2\/media\/4087"}],"wp:attachment":[{"href":"https:\/\/www.atassrl.it\/de\/wp-json\/wp\/v2\/media?parent=4402"}],"wp:term":[{"taxonomy":"product_brand","embeddable":true,"href":"https:\/\/www.atassrl.it\/de\/wp-json\/wp\/v2\/product_brand?post=4402"},{"taxonomy":"product_cat","embeddable":true,"href":"https:\/\/www.atassrl.it\/de\/wp-json\/wp\/v2\/product_cat?post=4402"},{"taxonomy":"product_tag","embeddable":true,"href":"https:\/\/www.atassrl.it\/de\/wp-json\/wp\/v2\/product_tag?post=4402"}],"curies":[{"name":"wp","href":"https:\/\/api.w.org\/{rel}","templated":true}]}}