{"id":4411,"date":"2019-07-18T15:31:49","date_gmt":"2019-07-18T13:31:49","guid":{"rendered":"http:\/\/atas.devsrvr.net\/prodotto\/plak-2\/"},"modified":"2022-08-01T18:01:04","modified_gmt":"2022-08-01T16:01:04","slug":"plak-2","status":"publish","type":"product","link":"https:\/\/www.atassrl.it\/de\/produkt\/plak-2\/","title":{"rendered":"PLAK 2"},"content":{"rendered":"<p style=\"font-weight: 400;\">Mit einem hohen Anteil an nat\u00fcrlichen Wachsen und Silikonen reinigt, poliert und sch\u00fctzt es ohne zu fetten Kunststoffoberfl\u00e4chen wie Armaturenbretter, Sto\u00dfstangen, Blenden, aber auch Holz und Marmor. Seine antistatische Wirkung weist Staub ab. Verwenden Sie es so, wie es ist. Auch in der Version \u201ePLAK 2 LK\u201c mit weniger Aktiv erh\u00e4ltlich.<\/p>\n","protected":false},"excerpt":{"rendered":"<div><span lang=\"DE\">FL\u00dcSSIGE POLITUR AUF WASSERBASIS<\/span><\/div>\n","protected":false},"featured_media":4130,"template":"","meta":{"_acf_changed":false,"_seopress_robots_primary_cat":"","_seopress_titles_title":"","_seopress_titles_desc":"","_seopress_robots_index":"","_seopress_analysis_target_kw":""},"product_brand":[],"product_cat":[829,274,407],"product_tag":[],"class_list":{"0":"post-4411","1":"product","2":"type-product","3":"status-publish","4":"has-post-thumbnail","6":"product_cat-innere-polituren","7":"product_cat-linea-atasdet-de","8":"product_cat-schutz-polish","10":"first","11":"instock","12":"shipping-taxable","13":"product-type-variable"},"acf":[],"_links":{"self":[{"href":"https:\/\/www.atassrl.it\/de\/wp-json\/wp\/v2\/product\/4411","targetHints":{"allow":["GET"]}}],"collection":[{"href":"https:\/\/www.atassrl.it\/de\/wp-json\/wp\/v2\/product"}],"about":[{"href":"https:\/\/www.atassrl.it\/de\/wp-json\/wp\/v2\/types\/product"}],"wp:featuredmedia":[{"embeddable":true,"href":"https:\/\/www.atassrl.it\/de\/wp-json\/wp\/v2\/media\/4130"}],"wp:attachment":[{"href":"https:\/\/www.atassrl.it\/de\/wp-json\/wp\/v2\/media?parent=4411"}],"wp:term":[{"taxonomy":"product_brand","embeddable":true,"href":"https:\/\/www.atassrl.it\/de\/wp-json\/wp\/v2\/product_brand?post=4411"},{"taxonomy":"product_cat","embeddable":true,"href":"https:\/\/www.atassrl.it\/de\/wp-json\/wp\/v2\/product_cat?post=4411"},{"taxonomy":"product_tag","embeddable":true,"href":"https:\/\/www.atassrl.it\/de\/wp-json\/wp\/v2\/product_tag?post=4411"}],"curies":[{"name":"wp","href":"https:\/\/api.w.org\/{rel}","templated":true}]}}