{"id":4414,"date":"2019-07-11T15:29:27","date_gmt":"2019-07-11T13:29:27","guid":{"rendered":"http:\/\/atas.devsrvr.net\/prodotto\/fasco-2\/"},"modified":"2022-08-01T18:05:35","modified_gmt":"2022-08-01T16:05:35","slug":"fasco-2","status":"publish","type":"product","link":"https:\/\/www.atassrl.it\/de\/produkt\/fasco-2\/","title":{"rendered":"FASCO"},"content":{"rendered":"<p style=\"font-weight: 400;\">Auf Basis spezieller, leicht streichf\u00e4higer Poliersubstanzen erneuert, poliert und belebt es die \u00e4u\u00dferen Kunststoffteile von Pkw, Wohnmobilen und Transportern ohne zu fetten. Langlebig, widersteht dem Waschen. Es wird mit einem Spr\u00fcher oder Schwamm aufgetragen. Verwenden Sie es so, wie es ist.<\/p>\n","protected":false},"excerpt":{"rendered":"<div><span lang=\"DE\">WIEDERBELEBUNGSMITTEL F\u00dcR KUNSTSTOFFB\u00c4NDER UND SPOILER<\/span><\/div>\n","protected":false},"featured_media":4082,"template":"","meta":{"_acf_changed":false,"_seopress_robots_primary_cat":"","_seopress_titles_title":"","_seopress_titles_desc":"","_seopress_robots_index":"","_seopress_analysis_target_kw":""},"product_brand":[],"product_cat":[825,274,407],"product_tag":[],"class_list":{"0":"post-4414","1":"product","2":"type-product","3":"status-publish","4":"has-post-thumbnail","6":"product_cat-externe-polituren","7":"product_cat-linea-atasdet-de","8":"product_cat-schutz-polish","10":"first","11":"instock","12":"shipping-taxable","13":"product-type-variable"},"acf":[],"_links":{"self":[{"href":"https:\/\/www.atassrl.it\/de\/wp-json\/wp\/v2\/product\/4414","targetHints":{"allow":["GET"]}}],"collection":[{"href":"https:\/\/www.atassrl.it\/de\/wp-json\/wp\/v2\/product"}],"about":[{"href":"https:\/\/www.atassrl.it\/de\/wp-json\/wp\/v2\/types\/product"}],"wp:featuredmedia":[{"embeddable":true,"href":"https:\/\/www.atassrl.it\/de\/wp-json\/wp\/v2\/media\/4082"}],"wp:attachment":[{"href":"https:\/\/www.atassrl.it\/de\/wp-json\/wp\/v2\/media?parent=4414"}],"wp:term":[{"taxonomy":"product_brand","embeddable":true,"href":"https:\/\/www.atassrl.it\/de\/wp-json\/wp\/v2\/product_brand?post=4414"},{"taxonomy":"product_cat","embeddable":true,"href":"https:\/\/www.atassrl.it\/de\/wp-json\/wp\/v2\/product_cat?post=4414"},{"taxonomy":"product_tag","embeddable":true,"href":"https:\/\/www.atassrl.it\/de\/wp-json\/wp\/v2\/product_tag?post=4414"}],"curies":[{"name":"wp","href":"https:\/\/api.w.org\/{rel}","templated":true}]}}