{"id":4418,"date":"2019-07-11T15:32:23","date_gmt":"2019-07-11T13:32:23","guid":{"rendered":"http:\/\/atas.devsrvr.net\/prodotto\/motorlak\/"},"modified":"2019-07-11T15:32:23","modified_gmt":"2019-07-11T13:32:23","slug":"motorlak","status":"publish","type":"product","link":"https:\/\/www.atassrl.it\/de\/produkt\/motorlak\/","title":{"rendered":"MOTORLAK"},"content":{"rendered":"<p class=\"p1\">Das Produkt enth\u00e4lt ausgew\u00e4hlte Acrylharze mit hoher Temperaturbest\u00e4ndigkeit, es erneuert das Erscheinungsbild von Motor und mechanischen Teilen. Es hinterl\u00e4sst einen durchsichtigen Film, der gegen Oxidationen, Salzru\u0308ckst.nde und chemische Stoe schu\u0308tzt. Greift Kunststoe und Gummi nicht an. Mit einer Spritzpistole aufspru\u0308hen.<\/p>\n","protected":false},"excerpt":{"rendered":"<p class=\"p1\">PLASTISCHER SCHUTZFILM F\u00dcR MOTOREN<\/p>\n","protected":false},"featured_media":4092,"template":"","meta":{"_acf_changed":false,"_seopress_robots_primary_cat":"","_seopress_titles_title":"","_seopress_titles_desc":"","_seopress_robots_index":"","_seopress_analysis_target_kw":""},"product_brand":[],"product_cat":[274],"product_tag":[],"class_list":{"0":"post-4418","1":"product","2":"type-product","3":"status-publish","4":"has-post-thumbnail","6":"product_cat-linea-atasdet-de","8":"first","9":"instock","10":"shipping-taxable","11":"product-type-variable"},"acf":[],"_links":{"self":[{"href":"https:\/\/www.atassrl.it\/de\/wp-json\/wp\/v2\/product\/4418","targetHints":{"allow":["GET"]}}],"collection":[{"href":"https:\/\/www.atassrl.it\/de\/wp-json\/wp\/v2\/product"}],"about":[{"href":"https:\/\/www.atassrl.it\/de\/wp-json\/wp\/v2\/types\/product"}],"wp:featuredmedia":[{"embeddable":true,"href":"https:\/\/www.atassrl.it\/de\/wp-json\/wp\/v2\/media\/4092"}],"wp:attachment":[{"href":"https:\/\/www.atassrl.it\/de\/wp-json\/wp\/v2\/media?parent=4418"}],"wp:term":[{"taxonomy":"product_brand","embeddable":true,"href":"https:\/\/www.atassrl.it\/de\/wp-json\/wp\/v2\/product_brand?post=4418"},{"taxonomy":"product_cat","embeddable":true,"href":"https:\/\/www.atassrl.it\/de\/wp-json\/wp\/v2\/product_cat?post=4418"},{"taxonomy":"product_tag","embeddable":true,"href":"https:\/\/www.atassrl.it\/de\/wp-json\/wp\/v2\/product_tag?post=4418"}],"curies":[{"name":"wp","href":"https:\/\/api.w.org\/{rel}","templated":true}]}}