{"id":4421,"date":"2019-07-11T15:34:38","date_gmt":"2019-07-11T13:34:38","guid":{"rendered":"http:\/\/atas.devsrvr.net\/prodotto\/delm-2\/"},"modified":"2022-08-01T18:13:48","modified_gmt":"2022-08-01T16:13:48","slug":"delm-2","status":"publish","type":"product","link":"https:\/\/www.atassrl.it\/de\/produkt\/delm-2\/","title":{"rendered":"DELM"},"content":{"rendered":"<p style=\"font-weight: 400;\">Aktiver Polierschaum geeignet f\u00fcr die Pflege und Wartung von Armaturenbrettern und Fahrzeuginnenr\u00e4umen. Auf Wasserbasis ist es sicher auf jeder Oberfl\u00e4che, da es keine L\u00f6sungsmittel, Silikone, Duftstoffe und Farbstoffe enth\u00e4lt. Es fettet nicht und tropft nicht.<\/p>\n","protected":false},"excerpt":{"rendered":"<div><span lang=\"DE\">WASSERBASIERTER POLIERSCHAUM F\u00dcR ARMATURENBRETTS<\/span><\/div>\n","protected":false},"featured_media":4029,"template":"","meta":{"_acf_changed":false,"_seopress_robots_primary_cat":"","_seopress_titles_title":"","_seopress_titles_desc":"","_seopress_robots_index":"","_seopress_analysis_target_kw":""},"product_brand":[],"product_cat":[829,274,407],"product_tag":[],"class_list":{"0":"post-4421","1":"product","2":"type-product","3":"status-publish","4":"has-post-thumbnail","6":"product_cat-innere-polituren","7":"product_cat-linea-atasdet-de","8":"product_cat-schutz-polish","10":"first","11":"instock","12":"shipping-taxable","13":"product-type-variable"},"acf":[],"_links":{"self":[{"href":"https:\/\/www.atassrl.it\/de\/wp-json\/wp\/v2\/product\/4421","targetHints":{"allow":["GET"]}}],"collection":[{"href":"https:\/\/www.atassrl.it\/de\/wp-json\/wp\/v2\/product"}],"about":[{"href":"https:\/\/www.atassrl.it\/de\/wp-json\/wp\/v2\/types\/product"}],"wp:featuredmedia":[{"embeddable":true,"href":"https:\/\/www.atassrl.it\/de\/wp-json\/wp\/v2\/media\/4029"}],"wp:attachment":[{"href":"https:\/\/www.atassrl.it\/de\/wp-json\/wp\/v2\/media?parent=4421"}],"wp:term":[{"taxonomy":"product_brand","embeddable":true,"href":"https:\/\/www.atassrl.it\/de\/wp-json\/wp\/v2\/product_brand?post=4421"},{"taxonomy":"product_cat","embeddable":true,"href":"https:\/\/www.atassrl.it\/de\/wp-json\/wp\/v2\/product_cat?post=4421"},{"taxonomy":"product_tag","embeddable":true,"href":"https:\/\/www.atassrl.it\/de\/wp-json\/wp\/v2\/product_tag?post=4421"}],"curies":[{"name":"wp","href":"https:\/\/api.w.org\/{rel}","templated":true}]}}