{"id":4427,"date":"2019-07-11T15:36:57","date_gmt":"2019-07-11T13:36:57","guid":{"rendered":"http:\/\/atas.devsrvr.net\/prodotto\/delmat-2\/"},"modified":"2022-08-01T18:15:10","modified_gmt":"2022-08-01T16:15:10","slug":"delmat-2","status":"publish","type":"product","link":"https:\/\/www.atassrl.it\/de\/produkt\/delmat-2\/","title":{"rendered":"DELMAT"},"content":{"rendered":"<p style=\"font-weight: 400;\">Parf\u00fcmiertes Produkt zur Pflege und Reinigung von Armaturenbrettern und Fahrzeuginnenr\u00e4umen. Seine sch\u00e4umende und l\u00f6sungsmittelfreie Formulierung entfernt perfekt Schmutz, respektiert die Oberfl\u00e4chen und belebt Farben ohne Polieren (MATT-Effekt). Es enth\u00e4lt keine Silikone, fettet nicht, tropft nicht und konserviert die Oberfl\u00e4chen.<\/p>\n","protected":false},"excerpt":{"rendered":"<div><span lang=\"DE\">AKTIVER SCHAUM AUF WASSERBASIS<\/span><\/div>\n","protected":false},"featured_media":4030,"template":"","meta":{"_acf_changed":false,"_seopress_robots_primary_cat":"","_seopress_titles_title":"","_seopress_titles_desc":"","_seopress_robots_index":"","_seopress_analysis_target_kw":""},"product_brand":[],"product_cat":[829,274,407],"product_tag":[],"class_list":{"0":"post-4427","1":"product","2":"type-product","3":"status-publish","4":"has-post-thumbnail","6":"product_cat-innere-polituren","7":"product_cat-linea-atasdet-de","8":"product_cat-schutz-polish","10":"first","11":"instock","12":"shipping-taxable","13":"product-type-variable"},"acf":[],"_links":{"self":[{"href":"https:\/\/www.atassrl.it\/de\/wp-json\/wp\/v2\/product\/4427","targetHints":{"allow":["GET"]}}],"collection":[{"href":"https:\/\/www.atassrl.it\/de\/wp-json\/wp\/v2\/product"}],"about":[{"href":"https:\/\/www.atassrl.it\/de\/wp-json\/wp\/v2\/types\/product"}],"wp:featuredmedia":[{"embeddable":true,"href":"https:\/\/www.atassrl.it\/de\/wp-json\/wp\/v2\/media\/4030"}],"wp:attachment":[{"href":"https:\/\/www.atassrl.it\/de\/wp-json\/wp\/v2\/media?parent=4427"}],"wp:term":[{"taxonomy":"product_brand","embeddable":true,"href":"https:\/\/www.atassrl.it\/de\/wp-json\/wp\/v2\/product_brand?post=4427"},{"taxonomy":"product_cat","embeddable":true,"href":"https:\/\/www.atassrl.it\/de\/wp-json\/wp\/v2\/product_cat?post=4427"},{"taxonomy":"product_tag","embeddable":true,"href":"https:\/\/www.atassrl.it\/de\/wp-json\/wp\/v2\/product_tag?post=4427"}],"curies":[{"name":"wp","href":"https:\/\/api.w.org\/{rel}","templated":true}]}}