{"id":4430,"date":"2019-07-11T15:39:31","date_gmt":"2019-07-11T13:39:31","guid":{"rendered":"http:\/\/atas.devsrvr.net\/prodotto\/plak-3\/"},"modified":"2022-08-01T17:58:07","modified_gmt":"2022-08-01T15:58:07","slug":"plak-3","status":"publish","type":"product","link":"https:\/\/www.atassrl.it\/de\/produkt\/plak-3\/","title":{"rendered":"PLAK"},"content":{"rendered":"<div><span lang=\"DE\">Hochwertiges Produkt auf Basis spezieller Silikone, das Armaturenbretter und Autoinnenr\u00e4ume aus Kunststoff, Holz und Vinylleder poliert und sch\u00fctzt. Langlebig und einfach aufzutragen, seine antistatische Wirkung weist Staub ab und verz\u00f6gert die Alterung der behandelten Teile. Auch zum Polieren von M\u00f6beln und Marmor- oder Gummioberfl\u00e4chen empfohlen.<\/span><\/div>\n","protected":false},"excerpt":{"rendered":"<p class=\"p1\">SILIKONPOLITUR<\/p>\n","protected":false},"featured_media":7617,"template":"","meta":{"_acf_changed":false,"_seopress_robots_primary_cat":"","_seopress_titles_title":"","_seopress_titles_desc":"","_seopress_robots_index":"","_seopress_analysis_target_kw":""},"product_brand":[],"product_cat":[829,274,407],"product_tag":[],"class_list":{"0":"post-4430","1":"product","2":"type-product","3":"status-publish","4":"has-post-thumbnail","6":"product_cat-innere-polituren","7":"product_cat-linea-atasdet-de","8":"product_cat-schutz-polish","10":"first","11":"instock","12":"shipping-taxable","13":"product-type-simple"},"acf":[],"_links":{"self":[{"href":"https:\/\/www.atassrl.it\/de\/wp-json\/wp\/v2\/product\/4430","targetHints":{"allow":["GET"]}}],"collection":[{"href":"https:\/\/www.atassrl.it\/de\/wp-json\/wp\/v2\/product"}],"about":[{"href":"https:\/\/www.atassrl.it\/de\/wp-json\/wp\/v2\/types\/product"}],"wp:featuredmedia":[{"embeddable":true,"href":"https:\/\/www.atassrl.it\/de\/wp-json\/wp\/v2\/media\/7617"}],"wp:attachment":[{"href":"https:\/\/www.atassrl.it\/de\/wp-json\/wp\/v2\/media?parent=4430"}],"wp:term":[{"taxonomy":"product_brand","embeddable":true,"href":"https:\/\/www.atassrl.it\/de\/wp-json\/wp\/v2\/product_brand?post=4430"},{"taxonomy":"product_cat","embeddable":true,"href":"https:\/\/www.atassrl.it\/de\/wp-json\/wp\/v2\/product_cat?post=4430"},{"taxonomy":"product_tag","embeddable":true,"href":"https:\/\/www.atassrl.it\/de\/wp-json\/wp\/v2\/product_tag?post=4430"}],"curies":[{"name":"wp","href":"https:\/\/api.w.org\/{rel}","templated":true}]}}