{"id":4432,"date":"2019-07-11T15:41:50","date_gmt":"2019-07-11T13:41:50","guid":{"rendered":"http:\/\/atas.devsrvr.net\/prodotto\/plak-car-2\/"},"modified":"2022-08-01T17:59:37","modified_gmt":"2022-08-01T15:59:37","slug":"plak-car-2","status":"publish","type":"product","link":"https:\/\/www.atassrl.it\/de\/produkt\/plak-car-2\/","title":{"rendered":"PLAK CAR"},"content":{"rendered":"<p style=\"font-weight: 400;\">Mit speziellen Substanzen formuliert, die den behandelten Teilen einen hohen Glanzgrad garantieren, und v\u00f6llig silikonfrei, eignet es sich zum Polieren und Reinigen von Kunststoff-Armaturenbrettern und Autoinnenr\u00e4umen. Seine langanhaltende antistatische Wirkung weist Staub und Feuchtigkeit ab, ohne zu fetten. F\u00fcr Karosseriewerkst\u00e4tten geeignet.<\/p>\n","protected":false},"excerpt":{"rendered":"<div><span lang=\"DE\">ARMATURENBRETT-POLITUR OHNE SILIKON<\/span><\/div>\n","protected":false},"featured_media":4131,"template":"","meta":{"_acf_changed":false,"_seopress_robots_primary_cat":"","_seopress_titles_title":"","_seopress_titles_desc":"","_seopress_robots_index":"","_seopress_analysis_target_kw":""},"product_brand":[],"product_cat":[829,274,407],"product_tag":[],"class_list":{"0":"post-4432","1":"product","2":"type-product","3":"status-publish","4":"has-post-thumbnail","6":"product_cat-innere-polituren","7":"product_cat-linea-atasdet-de","8":"product_cat-schutz-polish","10":"first","11":"instock","12":"shipping-taxable","13":"product-type-simple"},"acf":[],"_links":{"self":[{"href":"https:\/\/www.atassrl.it\/de\/wp-json\/wp\/v2\/product\/4432","targetHints":{"allow":["GET"]}}],"collection":[{"href":"https:\/\/www.atassrl.it\/de\/wp-json\/wp\/v2\/product"}],"about":[{"href":"https:\/\/www.atassrl.it\/de\/wp-json\/wp\/v2\/types\/product"}],"wp:featuredmedia":[{"embeddable":true,"href":"https:\/\/www.atassrl.it\/de\/wp-json\/wp\/v2\/media\/4131"}],"wp:attachment":[{"href":"https:\/\/www.atassrl.it\/de\/wp-json\/wp\/v2\/media?parent=4432"}],"wp:term":[{"taxonomy":"product_brand","embeddable":true,"href":"https:\/\/www.atassrl.it\/de\/wp-json\/wp\/v2\/product_brand?post=4432"},{"taxonomy":"product_cat","embeddable":true,"href":"https:\/\/www.atassrl.it\/de\/wp-json\/wp\/v2\/product_cat?post=4432"},{"taxonomy":"product_tag","embeddable":true,"href":"https:\/\/www.atassrl.it\/de\/wp-json\/wp\/v2\/product_tag?post=4432"}],"curies":[{"name":"wp","href":"https:\/\/api.w.org\/{rel}","templated":true}]}}