{"id":4433,"date":"2019-07-11T15:46:42","date_gmt":"2019-07-11T13:46:42","guid":{"rendered":"http:\/\/atas.devsrvr.net\/prodotto\/candivetro-3\/"},"modified":"2022-08-01T18:17:54","modified_gmt":"2022-08-01T16:17:54","slug":"candivetro-3","status":"publish","type":"product","link":"https:\/\/www.atassrl.it\/de\/produkt\/candivetro-3\/","title":{"rendered":"CANDIVETRO"},"content":{"rendered":"<p style=\"font-weight: 400;\">Angenehm duftend und mit hoher Verdunstungskraft reinigt es Glas, Spiegel, Kristalle und alle abwaschbaren Oberfl\u00e4chen, ohne Schlieren oder Schillern zu hinterlassen und beseitigt Smog, Nikotinspuren, Fett und Insektenr\u00fcckst\u00e4nde. Es kann im Scheibenwaschbeh\u00e4lter verwendet werden.<\/p>\n","protected":false},"excerpt":{"rendered":"<div><span lang=\"DE\">GEBRAUCHSFERTIGER GLASREINIGER<\/span><\/div>\n","protected":false},"featured_media":4015,"template":"","meta":{"_acf_changed":false,"_seopress_robots_primary_cat":"","_seopress_titles_title":"","_seopress_titles_desc":"","_seopress_robots_index":"","_seopress_analysis_target_kw":""},"product_brand":[],"product_cat":[382,274],"product_tag":[],"class_list":{"0":"post-4433","1":"product","2":"type-product","3":"status-publish","4":"has-post-thumbnail","6":"product_cat-glaeser-und-kristalle","7":"product_cat-linea-atasdet-de","9":"first","10":"instock","11":"shipping-taxable","12":"product-type-variable"},"acf":[],"_links":{"self":[{"href":"https:\/\/www.atassrl.it\/de\/wp-json\/wp\/v2\/product\/4433","targetHints":{"allow":["GET"]}}],"collection":[{"href":"https:\/\/www.atassrl.it\/de\/wp-json\/wp\/v2\/product"}],"about":[{"href":"https:\/\/www.atassrl.it\/de\/wp-json\/wp\/v2\/types\/product"}],"wp:featuredmedia":[{"embeddable":true,"href":"https:\/\/www.atassrl.it\/de\/wp-json\/wp\/v2\/media\/4015"}],"wp:attachment":[{"href":"https:\/\/www.atassrl.it\/de\/wp-json\/wp\/v2\/media?parent=4433"}],"wp:term":[{"taxonomy":"product_brand","embeddable":true,"href":"https:\/\/www.atassrl.it\/de\/wp-json\/wp\/v2\/product_brand?post=4433"},{"taxonomy":"product_cat","embeddable":true,"href":"https:\/\/www.atassrl.it\/de\/wp-json\/wp\/v2\/product_cat?post=4433"},{"taxonomy":"product_tag","embeddable":true,"href":"https:\/\/www.atassrl.it\/de\/wp-json\/wp\/v2\/product_tag?post=4433"}],"curies":[{"name":"wp","href":"https:\/\/api.w.org\/{rel}","templated":true}]}}