{"id":4437,"date":"2019-07-11T15:49:24","date_gmt":"2019-07-11T13:49:24","guid":{"rendered":"http:\/\/atas.devsrvr.net\/prodotto\/candivetro-4-st-20\/"},"modified":"2022-08-01T18:19:21","modified_gmt":"2022-08-01T16:19:21","slug":"candivetro-4-st-20","status":"publish","type":"product","link":"https:\/\/www.atassrl.it\/de\/produkt\/candivetro-4-st-20\/","title":{"rendered":"CANDIVETRO 4 ST. -20"},"content":{"rendered":"<p style=\"font-weight: 400;\">Mit hoher Verdunstung reinigt es Glas, Spiegel, Kristalle und alle abwaschbaren Oberfl\u00e4chen, ohne Lichth\u00f6fe oder Schillern zu hinterlassen, und beseitigt Smog, Nikotinspuren, Fett und Insektenr\u00fcckst\u00e4nde. Es kann im Scheibenwaschtank eingesetzt werden und bietet Frostschutz bis ca. -20\u00b0. F\u00fcr Reinigungsarbeiten 1:3 mit Wasser verd\u00fcnnen.<\/p>\n","protected":false},"excerpt":{"rendered":"<div><span lang=\"DE\">SPEZIELLER GLASREINIGER<\/span><\/div>\n","protected":false},"featured_media":4014,"template":"","meta":{"_acf_changed":false,"_seopress_robots_primary_cat":"","_seopress_titles_title":"","_seopress_titles_desc":"","_seopress_robots_index":"","_seopress_analysis_target_kw":""},"product_brand":[],"product_cat":[382,274],"product_tag":[],"class_list":{"0":"post-4437","1":"product","2":"type-product","3":"status-publish","4":"has-post-thumbnail","6":"product_cat-glaeser-und-kristalle","7":"product_cat-linea-atasdet-de","9":"first","10":"instock","11":"shipping-taxable","12":"product-type-variable"},"acf":[],"_links":{"self":[{"href":"https:\/\/www.atassrl.it\/de\/wp-json\/wp\/v2\/product\/4437","targetHints":{"allow":["GET"]}}],"collection":[{"href":"https:\/\/www.atassrl.it\/de\/wp-json\/wp\/v2\/product"}],"about":[{"href":"https:\/\/www.atassrl.it\/de\/wp-json\/wp\/v2\/types\/product"}],"wp:featuredmedia":[{"embeddable":true,"href":"https:\/\/www.atassrl.it\/de\/wp-json\/wp\/v2\/media\/4014"}],"wp:attachment":[{"href":"https:\/\/www.atassrl.it\/de\/wp-json\/wp\/v2\/media?parent=4437"}],"wp:term":[{"taxonomy":"product_brand","embeddable":true,"href":"https:\/\/www.atassrl.it\/de\/wp-json\/wp\/v2\/product_brand?post=4437"},{"taxonomy":"product_cat","embeddable":true,"href":"https:\/\/www.atassrl.it\/de\/wp-json\/wp\/v2\/product_cat?post=4437"},{"taxonomy":"product_tag","embeddable":true,"href":"https:\/\/www.atassrl.it\/de\/wp-json\/wp\/v2\/product_tag?post=4437"}],"curies":[{"name":"wp","href":"https:\/\/api.w.org\/{rel}","templated":true}]}}