{"id":4445,"date":"2019-07-11T15:58:44","date_gmt":"2019-07-11T13:58:44","guid":{"rendered":"http:\/\/atas.devsrvr.net\/prodotto\/ladim\/"},"modified":"2022-08-02T09:21:18","modified_gmt":"2022-08-02T07:21:18","slug":"ladim","status":"publish","type":"product","link":"https:\/\/www.atassrl.it\/de\/produkt\/ladim\/","title":{"rendered":"LADIM"},"content":{"rendered":"<p style=\"font-weight: 400;\">Alkalischer Reiniger besonders wirksam bei Smog, \u00d6lr\u00fcckst\u00e4nden und Fett. Auch auf lackierten, laminierten Oberfl\u00e4chen (z. B. Gartenm\u00f6bel, Schulb\u00e4nke, Arbeitstische) und Kunstleder zu verwenden. Geeignet f\u00fcr die Reinigung von harten Oberfl\u00e4chen im Allgemeinen und 1: 60-100 verd\u00fcnnt auch f\u00fcr Glas und Kristall. Mit geringem Schaum l\u00e4sst es sich leicht aussp\u00fclen.<\/p>\n","protected":false},"excerpt":{"rendered":"<div><span lang=\"DE\">ALKOHOLISCHES KONZENTRIERTES MEHRZWECKENTFETTER<\/span><\/div>\n","protected":false},"featured_media":4109,"template":"","meta":{"_acf_changed":false,"_seopress_robots_primary_cat":"","_seopress_titles_title":"","_seopress_titles_desc":"","_seopress_robots_index":"","_seopress_analysis_target_kw":""},"product_brand":[],"product_cat":[382,274],"product_tag":[],"class_list":{"0":"post-4445","1":"product","2":"type-product","3":"status-publish","4":"has-post-thumbnail","6":"product_cat-glaeser-und-kristalle","7":"product_cat-linea-atasdet-de","9":"first","10":"instock","11":"shipping-taxable","12":"product-type-variable"},"acf":[],"_links":{"self":[{"href":"https:\/\/www.atassrl.it\/de\/wp-json\/wp\/v2\/product\/4445","targetHints":{"allow":["GET"]}}],"collection":[{"href":"https:\/\/www.atassrl.it\/de\/wp-json\/wp\/v2\/product"}],"about":[{"href":"https:\/\/www.atassrl.it\/de\/wp-json\/wp\/v2\/types\/product"}],"wp:featuredmedia":[{"embeddable":true,"href":"https:\/\/www.atassrl.it\/de\/wp-json\/wp\/v2\/media\/4109"}],"wp:attachment":[{"href":"https:\/\/www.atassrl.it\/de\/wp-json\/wp\/v2\/media?parent=4445"}],"wp:term":[{"taxonomy":"product_brand","embeddable":true,"href":"https:\/\/www.atassrl.it\/de\/wp-json\/wp\/v2\/product_brand?post=4445"},{"taxonomy":"product_cat","embeddable":true,"href":"https:\/\/www.atassrl.it\/de\/wp-json\/wp\/v2\/product_cat?post=4445"},{"taxonomy":"product_tag","embeddable":true,"href":"https:\/\/www.atassrl.it\/de\/wp-json\/wp\/v2\/product_tag?post=4445"}],"curies":[{"name":"wp","href":"https:\/\/api.w.org\/{rel}","templated":true}]}}